{"id":29,"date":"2021-10-27T16:10:59","date_gmt":"2021-10-27T16:10:59","guid":{"rendered":"https:\/\/xpressmeatmarket.com\/onlinemarket\/?page_id=29"},"modified":"2023-12-08T17:35:24","modified_gmt":"2023-12-08T17:35:24","slug":"about-us","status":"publish","type":"page","link":"https:\/\/xpressmeatmarket.com\/onlinemarket\/about-us\/","title":{"rendered":"About us"},"content":{"rendered":"\t<section class=\"section\" id=\"section_339966696\">\n\t\t<div class=\"bg section-bg fill bg-fill  bg-loaded\" >\n\n\t\t\t\n\t\t\t\n\t\t\t\n\n\t\t<\/div><!-- .section-bg -->\n\n\t\t<div class=\"section-content relative\">\n\t\t\t\n<p>Com mais de duas d\u00e9cadas de tradi\u00e7\u00e3o familiar, o Xpress Meat Market orgulhosamente expandiu seus horizontes para o mundo digital em 2023. Continuamos sendo um destino premium para os amantes de carne em duas localidades na Fl\u00f3rida, agora oferecendo uma nova e emocionante oportunidade para os clientes em todo lugar.<\/p>\n<p>Desde 2001, nossa paix\u00e3o tem sido proporcionar experi\u00eancias gastron\u00f4micas excepcionais aos nossos clientes. Com a chegada do nosso Ecommerce, tornamos mais f\u00e1cil do que nunca apreciar a autenticidade dos melhores produtos brasileiros e a qualidade incompar\u00e1vel de nossas carnes, entregues diretamente \u00e0 porta da sua casa. Nosso compromisso inabal\u00e1vel com a qualidade continua inalterado, oferecendo uma sele\u00e7\u00e3o inigual\u00e1vel de carnes frescas, primorosamente preparadas para atender \u00e0s demandas de todos os paladares.<\/p>\n<p>N\u00e3o somos apenas especialistas em carnes; somos dedicados a personalizar cada corte para atender \u00e0s suas prefer\u00eancias e ocasi\u00f5es \u00fanicas. Nossa jornada \u00e9 alimentada pela busca incessante da perfei\u00e7\u00e3o no sabor, na textura e na excel\u00eancia do atendimento ao cliente. Aqui, cada pe\u00e7a de carne \u00e9 cuidadosamente selecionada para garantir que leve para sua mesa n\u00e3o apenas um alimento, mas uma experi\u00eancia digna de celebra\u00e7\u00e3o. Seja para um churrasco casual ou um evento especial, estamos comprometidos em ser seu destino confi\u00e1vel para as melhores carnes, agora a poucos cliques de dist\u00e2ncia. Junte-se a n\u00f3s nesta jornada culin\u00e1ria, onde a qualidade, a personaliza\u00e7\u00e3o e a conveni\u00eancia se unem para criar momentos memor\u00e1veis \u00e0 mesa.<\/p>\n\t\t<\/div><!-- .section-content -->\n\n\t\t\n<style scope=\"scope\">\n\n#section_339966696 {\n  padding-top: 30px;\n  padding-bottom: 30px;\n}\n<\/style>\n\t<\/section>\n\t\n","protected":false},"excerpt":{"rendered":"","protected":false},"author":1,"featured_media":0,"parent":0,"menu_order":0,"comment_status":"closed","ping_status":"closed","template":"","meta":{"footnotes":""},"class_list":["post-29","page","type-page","status-publish","hentry"],"_links":{"self":[{"href":"https:\/\/xpressmeatmarket.com\/onlinemarket\/wp-json\/wp\/v2\/pages\/29","targetHints":{"allow":["GET"]}}],"collection":[{"href":"https:\/\/xpressmeatmarket.com\/onlinemarket\/wp-json\/wp\/v2\/pages"}],"about":[{"href":"https:\/\/xpressmeatmarket.com\/onlinemarket\/wp-json\/wp\/v2\/types\/page"}],"author":[{"embeddable":true,"href":"https:\/\/xpressmeatmarket.com\/onlinemarket\/wp-json\/wp\/v2\/users\/1"}],"replies":[{"embeddable":true,"href":"https:\/\/xpressmeatmarket.com\/onlinemarket\/wp-json\/wp\/v2\/comments?post=29"}],"version-history":[{"count":2,"href":"https:\/\/xpressmeatmarket.com\/onlinemarket\/wp-json\/wp\/v2\/pages\/29\/revisions"}],"predecessor-version":[{"id":4218,"href":"https:\/\/xpressmeatmarket.com\/onlinemarket\/wp-json\/wp\/v2\/pages\/29\/revisions\/4218"}],"wp:attachment":[{"href":"https:\/\/xpressmeatmarket.com\/onlinemarket\/wp-json\/wp\/v2\/media?parent=29"}],"curies":[{"name":"wp","href":"https:\/\/api.w.org\/{rel}","templated":true}]}}