{"id":4258,"date":"2023-12-12T15:44:12","date_gmt":"2023-12-12T15:44:12","guid":{"rendered":"https:\/\/xpressmeatmarket.com\/onlinemarket\/?page_id=4258"},"modified":"2023-12-12T15:44:13","modified_gmt":"2023-12-12T15:44:13","slug":"4258-2","status":"publish","type":"page","link":"https:\/\/xpressmeatmarket.com\/onlinemarket\/4258-2\/","title":{"rendered":""},"content":{"rendered":"\n<p>Perguntas Frequentes<\/p>\n\n\n\n<ol class=\"wp-block-list\">\n<li>Como funciona o envio dos produtos?<\/li>\n<\/ol>\n\n\n\n<p>Resposta: Todos os nossos produtos s\u00e3o enviados via FedEx para todo o territ\u00f3rio dos Estados Unidos. Garantimos um servi\u00e7o de entrega confi\u00e1vel e eficiente para que voc\u00ea receba seus pedidos no prazo e com seguran\u00e7a.<\/p>\n\n\n\n<ol class=\"wp-block-list\" start=\"2\">\n<li>Como s\u00e3o embaladas as carnes para o transporte?<\/li>\n<\/ol>\n\n\n\n<p>Resposta: Nossas carnes s\u00e3o embaladas a v\u00e1cuo e colocadas em caixas t\u00e9rmicas especiais. Essas embalagens foram projetadas para preservar a qualidade da carne por at\u00e9 8 dias durante o transporte, mantendo a frescura e o sabor dos produtos.<\/p>\n\n\n\n<ol class=\"wp-block-list\" start=\"3\">\n<li>Posso solicitar um pedido especial?<\/li>\n<\/ol>\n\n\n\n<p>Resposta: Sim, estamos sempre prontos para atender \u00e0s suas necessidades espec\u00edficas. Caso voc\u00ea tenha um pedido especial, basta entrar no campo &#8220;Observa\u00e7\u00f5es&#8221; durante o processo de compra e descrever o seu pedido. Nossa equipe Xpress avaliar\u00e1 cuidadosamente sua solicita\u00e7\u00e3o.<\/p>\n\n\n\n<ol class=\"wp-block-list\" start=\"4\">\n<li>Voc\u00eas vendem produtos no atacado? Como fa\u00e7o para comprar em grandes quantidades?<\/li>\n<\/ol>\n\n\n\n<p>Resposta: Sim, oferecemos vendas no atacado para todos os produtos do Xpress Meat Market. Para fazer uma compra em grandes quantidades, entre em contato diretamente conosco. Nossa equipe estar\u00e1 dispon\u00edvel para ajudar com suas necessidades de compra em atacado e oferecer o melhor suporte poss\u00edvel.<\/p>\n\n\n\n<ol class=\"wp-block-list\" start=\"5\">\n<li>Qual \u00e9 o prazo de entrega dos produtos?<\/li>\n<\/ol>\n\n\n\n<p>Resposta: O prazo de entrega pode variar dependendo da localiza\u00e7\u00e3o e do tipo de servi\u00e7o de envio selecionado. No entanto, trabalhamos para garantir que os pedidos sejam despachados o mais r\u00e1pido poss\u00edvel. Ao finalizar sua compra, voc\u00ea receber\u00e1 informa\u00e7\u00f5es detalhadas sobre o prazo de entrega estimado com base na sua localiza\u00e7\u00e3o.<\/p>\n","protected":false},"excerpt":{"rendered":"<p>Perguntas Frequentes Resposta: Todos os nossos produtos s\u00e3o enviados via FedEx para todo o territ\u00f3rio dos Estados Unidos. Garantimos um servi\u00e7o de entrega confi\u00e1vel e eficiente para que voc\u00ea receba seus pedidos no prazo e com seguran\u00e7a. Resposta: Nossas carnes s\u00e3o embaladas a v\u00e1cuo e colocadas em caixas t\u00e9rmicas especiais. Essas embalagens foram projetadas para [&#8230;]\n","protected":false},"author":1,"featured_media":0,"parent":0,"menu_order":0,"comment_status":"closed","ping_status":"closed","template":"","meta":{"footnotes":""},"class_list":["post-4258","page","type-page","status-publish","hentry"],"_links":{"self":[{"href":"https:\/\/xpressmeatmarket.com\/onlinemarket\/wp-json\/wp\/v2\/pages\/4258","targetHints":{"allow":["GET"]}}],"collection":[{"href":"https:\/\/xpressmeatmarket.com\/onlinemarket\/wp-json\/wp\/v2\/pages"}],"about":[{"href":"https:\/\/xpressmeatmarket.com\/onlinemarket\/wp-json\/wp\/v2\/types\/page"}],"author":[{"embeddable":true,"href":"https:\/\/xpressmeatmarket.com\/onlinemarket\/wp-json\/wp\/v2\/users\/1"}],"replies":[{"embeddable":true,"href":"https:\/\/xpressmeatmarket.com\/onlinemarket\/wp-json\/wp\/v2\/comments?post=4258"}],"version-history":[{"count":1,"href":"https:\/\/xpressmeatmarket.com\/onlinemarket\/wp-json\/wp\/v2\/pages\/4258\/revisions"}],"predecessor-version":[{"id":4259,"href":"https:\/\/xpressmeatmarket.com\/onlinemarket\/wp-json\/wp\/v2\/pages\/4258\/revisions\/4259"}],"wp:attachment":[{"href":"https:\/\/xpressmeatmarket.com\/onlinemarket\/wp-json\/wp\/v2\/media?parent=4258"}],"curies":[{"name":"wp","href":"https:\/\/api.w.org\/{rel}","templated":true}]}}