{"id":2811,"date":"2023-11-09T11:28:37","date_gmt":"2023-11-09T11:28:37","guid":{"rendered":"https:\/\/xpressmeatmarket.com\/onlinemarket\/product\/adocante-zero-cal-100ml\/"},"modified":"2026-04-30T17:06:20","modified_gmt":"2026-04-30T17:06:20","slug":"adocante-zero-cal-100ml","status":"publish","type":"product","link":"https:\/\/xpressmeatmarket.com\/onlinemarket\/product\/adocante-zero-cal-100ml\/","title":{"rendered":"Adocante Zero Cal Sacarina Liquido 100 Ml"},"content":{"rendered":"<p>Caracteristicas:<\/p>\n<p>Ado\u00e7ante Diet\u00e9tico L\u00edquido com Sacarina S\u00f3dica e Ciclamato de S\u00f3dio<\/p>\n<p>Uso: Cada 4 gotas equivalem a 1 colher de sopa de A\u00e7\u00facar<br \/>\n&#8211; Cada gota equivale a 0,02kcal<br \/>\n&#8211; Zero-cal, &#8220;marca fantasia&#8221; produto, cont\u00e9m calorias<br \/>\n&#8211; Zero-Cal, o ado\u00e7ante 5 estrelas \u00e9 o mais famoso do Brasil.<br \/>\n&#8211; A marca desenvolveu uma linha perfeita para quem deseja equilibrar a alimenta\u00e7\u00e3o, mas sem abrir m\u00e3o do prazer.<\/p>\n<p>Por tudo isso que Zero-Cal se preocupa com seu bem-estar e deixa tudo magrinho e muito mais saboroso.<\/p>\n<p>Adoce alimentos e bebidas com zero-cal,<\/p>\n<p>* As especifica\u00e7\u00f5es podem ser alteradas sem aviso pr\u00e9vio<br \/>\n** Imagem meramente ilustrativa.<\/p>\n","protected":false},"excerpt":{"rendered":"<p>Ado\u00e7ante Diet\u00e9tico L\u00edquido<\/p>\n","protected":false},"featured_media":4297,"comment_status":"open","ping_status":"closed","template":"","meta":[],"product_brand":[],"product_cat":[51],"product_tag":[],"class_list":{"0":"post-2811","1":"product","2":"type-product","3":"status-publish","4":"has-post-thumbnail","6":"product_cat-mercearia","8":"first","9":"outofstock","10":"shipping-taxable","11":"purchasable","12":"product-type-simple"},"_links":{"self":[{"href":"https:\/\/xpressmeatmarket.com\/onlinemarket\/wp-json\/wp\/v2\/product\/2811","targetHints":{"allow":["GET"]}}],"collection":[{"href":"https:\/\/xpressmeatmarket.com\/onlinemarket\/wp-json\/wp\/v2\/product"}],"about":[{"href":"https:\/\/xpressmeatmarket.com\/onlinemarket\/wp-json\/wp\/v2\/types\/product"}],"replies":[{"embeddable":true,"href":"https:\/\/xpressmeatmarket.com\/onlinemarket\/wp-json\/wp\/v2\/comments?post=2811"}],"wp:featuredmedia":[{"embeddable":true,"href":"https:\/\/xpressmeatmarket.com\/onlinemarket\/wp-json\/wp\/v2\/media\/4297"}],"wp:attachment":[{"href":"https:\/\/xpressmeatmarket.com\/onlinemarket\/wp-json\/wp\/v2\/media?parent=2811"}],"wp:term":[{"taxonomy":"product_brand","embeddable":true,"href":"https:\/\/xpressmeatmarket.com\/onlinemarket\/wp-json\/wp\/v2\/product_brand?post=2811"},{"taxonomy":"product_cat","embeddable":true,"href":"https:\/\/xpressmeatmarket.com\/onlinemarket\/wp-json\/wp\/v2\/product_cat?post=2811"},{"taxonomy":"product_tag","embeddable":true,"href":"https:\/\/xpressmeatmarket.com\/onlinemarket\/wp-json\/wp\/v2\/product_tag?post=2811"}],"curies":[{"name":"wp","href":"https:\/\/api.w.org\/{rel}","templated":true}]}}