{"id":3424,"date":"2023-11-09T11:33:33","date_gmt":"2023-11-09T11:33:33","guid":{"rendered":"https:\/\/xpressmeatmarket.com\/onlinemarket\/product\/cuscuzeiro-paulista-teteu\/"},"modified":"2026-01-14T18:13:16","modified_gmt":"2026-01-14T18:13:16","slug":"cuscuzeiro-paulista-teteu","status":"publish","type":"product","link":"https:\/\/xpressmeatmarket.com\/onlinemarket\/product\/cuscuzeiro-paulista-teteu\/","title":{"rendered":"Cuscuzeira Nordestina Teteu"},"content":{"rendered":"<p id=\"tw-target-text\" class=\"tw-data-text tw-text-large tw-ta\" dir=\"ltr\" data-placeholder=\"Translation\" data-ved=\"2ahUKEwjGw8Sd-viCAxWDZjABHRCWALkQ3ewLegQIBRAQ\"><span class=\"Y2IQFc\" lang=\"pt\">F\u00c1CIL DE PREPARAR CUSCUZ COM TETEU O cuscuz \u00e9 um produto alimentar vers\u00e1til feito de gr\u00e3os triturados e cozidos no vapor, normalmente trigo, embora tamb\u00e9m possa ser derivado de milho ou milho. \u00c9 amplamente apreciado em v\u00e1rias cozinhas ao redor do mundo, com la\u00e7os particularmente fortes com a culin\u00e1ria do Norte da \u00c1frica, do Oriente M\u00e9dio e do Brasil. O cuscuz \u00e9 incrivelmente f\u00e1cil de preparar, principalmente com a panela a vapor da marca TETEU. Normalmente, envolve adicionar \u00e1gua quente ou caldo aos gr\u00e3os de cuscuz e deix\u00e1-los cozinhar por alguns minutos na panela a vapor TETEU. Amasse com um garfo e est\u00e1 pronto para servir. Este r\u00e1pido tempo de cozimento, combinado com a conveni\u00eancia da panela a vapor TETEU, torna-a a escolha ideal para fam\u00edlias ocupadas.<\/span><\/p>\n","protected":false},"excerpt":{"rendered":"<p><span class=\"Y2IQFc\" lang=\"pt\">O cuscuz \u00e9 um produto alimentar vers\u00e1til feito de gr\u00e3os<\/span><\/p>\n","protected":false},"featured_media":4124,"comment_status":"open","ping_status":"closed","template":"","meta":[],"product_brand":[],"product_cat":[51],"product_tag":[],"class_list":{"0":"post-3424","1":"product","2":"type-product","3":"status-publish","4":"has-post-thumbnail","6":"product_cat-mercearia","8":"first","9":"outofstock","10":"shipping-taxable","11":"purchasable","12":"product-type-simple"},"_links":{"self":[{"href":"https:\/\/xpressmeatmarket.com\/onlinemarket\/wp-json\/wp\/v2\/product\/3424","targetHints":{"allow":["GET"]}}],"collection":[{"href":"https:\/\/xpressmeatmarket.com\/onlinemarket\/wp-json\/wp\/v2\/product"}],"about":[{"href":"https:\/\/xpressmeatmarket.com\/onlinemarket\/wp-json\/wp\/v2\/types\/product"}],"replies":[{"embeddable":true,"href":"https:\/\/xpressmeatmarket.com\/onlinemarket\/wp-json\/wp\/v2\/comments?post=3424"}],"wp:featuredmedia":[{"embeddable":true,"href":"https:\/\/xpressmeatmarket.com\/onlinemarket\/wp-json\/wp\/v2\/media\/4124"}],"wp:attachment":[{"href":"https:\/\/xpressmeatmarket.com\/onlinemarket\/wp-json\/wp\/v2\/media?parent=3424"}],"wp:term":[{"taxonomy":"product_brand","embeddable":true,"href":"https:\/\/xpressmeatmarket.com\/onlinemarket\/wp-json\/wp\/v2\/product_brand?post=3424"},{"taxonomy":"product_cat","embeddable":true,"href":"https:\/\/xpressmeatmarket.com\/onlinemarket\/wp-json\/wp\/v2\/product_cat?post=3424"},{"taxonomy":"product_tag","embeddable":true,"href":"https:\/\/xpressmeatmarket.com\/onlinemarket\/wp-json\/wp\/v2\/product_tag?post=3424"}],"curies":[{"name":"wp","href":"https:\/\/api.w.org\/{rel}","templated":true}]}}