{"id":3425,"date":"2023-11-09T11:33:33","date_gmt":"2023-11-09T11:33:33","guid":{"rendered":"https:\/\/xpressmeatmarket.com\/onlinemarket\/product\/eco-bom-bril-60-g\/"},"modified":"2026-01-14T18:13:23","modified_gmt":"2026-01-14T18:13:23","slug":"eco-bom-bril-60-g","status":"publish","type":"product","link":"https:\/\/xpressmeatmarket.com\/onlinemarket\/product\/eco-bom-bril-60-g\/","title":{"rendered":"Esponja A\u00e7o Bom Bril Eco Pacote 60g 8 Unidades"},"content":{"rendered":"<p>A Esponja de A\u00e7o Bom Bril 1001 utilidades, limpa superf\u00edcies, d\u00e1 brilho e remove as sujeiras mais dif\u00edceis, sem riscar. \u00c9 higi\u00eanica e ecol\u00f3gica, pois se degrada, vira ferrugem e desaparece na natureza, sem deixar res\u00edduos, sem acumular bact\u00e9rias e sem agredir a natureza.<\/p>\n","protected":false},"excerpt":{"rendered":"<p>A Esponja de A\u00e7o Bom Bril 1001 utilidades<\/p>\n","protected":false},"featured_media":4127,"comment_status":"open","ping_status":"closed","template":"","meta":[],"product_brand":[],"product_cat":[51],"product_tag":[],"class_list":{"0":"post-3425","1":"product","2":"type-product","3":"status-publish","4":"has-post-thumbnail","6":"product_cat-mercearia","8":"first","9":"outofstock","10":"shipping-taxable","11":"purchasable","12":"product-type-simple"},"_links":{"self":[{"href":"https:\/\/xpressmeatmarket.com\/onlinemarket\/wp-json\/wp\/v2\/product\/3425","targetHints":{"allow":["GET"]}}],"collection":[{"href":"https:\/\/xpressmeatmarket.com\/onlinemarket\/wp-json\/wp\/v2\/product"}],"about":[{"href":"https:\/\/xpressmeatmarket.com\/onlinemarket\/wp-json\/wp\/v2\/types\/product"}],"replies":[{"embeddable":true,"href":"https:\/\/xpressmeatmarket.com\/onlinemarket\/wp-json\/wp\/v2\/comments?post=3425"}],"wp:featuredmedia":[{"embeddable":true,"href":"https:\/\/xpressmeatmarket.com\/onlinemarket\/wp-json\/wp\/v2\/media\/4127"}],"wp:attachment":[{"href":"https:\/\/xpressmeatmarket.com\/onlinemarket\/wp-json\/wp\/v2\/media?parent=3425"}],"wp:term":[{"taxonomy":"product_brand","embeddable":true,"href":"https:\/\/xpressmeatmarket.com\/onlinemarket\/wp-json\/wp\/v2\/product_brand?post=3425"},{"taxonomy":"product_cat","embeddable":true,"href":"https:\/\/xpressmeatmarket.com\/onlinemarket\/wp-json\/wp\/v2\/product_cat?post=3425"},{"taxonomy":"product_tag","embeddable":true,"href":"https:\/\/xpressmeatmarket.com\/onlinemarket\/wp-json\/wp\/v2\/product_tag?post=3425"}],"curies":[{"name":"wp","href":"https:\/\/api.w.org\/{rel}","templated":true}]}}