{"id":3469,"date":"2023-11-09T11:33:54","date_gmt":"2023-11-09T11:33:54","guid":{"rendered":"https:\/\/xpressmeatmarket.com\/onlinemarket\/product\/farofa-de-milho-yoki-400-g\/"},"modified":"2026-01-14T18:10:07","modified_gmt":"2026-01-14T18:10:07","slug":"farofa-de-milho-yoki-400-g","status":"publish","type":"product","link":"https:\/\/xpressmeatmarket.com\/onlinemarket\/product\/farofa-de-milho-yoki-400-g\/","title":{"rendered":"Farofa de Milho Yoki 400 Gramas"},"content":{"rendered":"<h2 class=\"wp-block-heading\">INGREDIENTES<\/h2>\n<p>farinha de milho*, \u00f3leos vegetais, alho, sal, cebola, pimenta vermelha, cebolinha verde, color\u00edfico (farinha de milho enriquecida com ferro e \u00e1cido f\u00f3lico, \u00f3leo vegetal e corante natural urucum), pimenta-do-reino preta, cominho, real\u00e7ador de sabor glutamato monoss\u00f3dico e aromatizante.<\/p>\n<p>*Ingrediente contendo gene de Bacillus thuringiensis.<\/p>\n<h2 class=\"wp-block-heading\">INFORMA\u00c7\u00c3O NUTRICIONAL<\/h2>\n<figure class=\"wp-block-table\">\n<table>\n<thead>\n<tr>\n<th><strong>POR\u00c7\u00c3O DE 35 G (1 COLHER SOPA)<\/strong><\/th>\n<th><strong>QUANTIDADE POR POR\u00c7\u00c3O<\/strong><\/th>\n<\/tr>\n<\/thead>\n<tbody>\n<tr>\n<td>Valor energ\u00e9tico<\/td>\n<td>138 kcal = 580 kJ<\/td>\n<td>7<\/td>\n<\/tr>\n<tr>\n<td>Carboidratos<\/td>\n<td>25<\/td>\n<td>8<\/td>\n<\/tr>\n<tr>\n<td>Prote\u00ednas<\/td>\n<td>2,3<\/td>\n<td>3<\/td>\n<\/tr>\n<tr>\n<td>Gorduras totais<\/td>\n<td>3,6<\/td>\n<td>7<\/td>\n<\/tr>\n<tr>\n<td>Gorduras saturadas<\/td>\n<td>1,4<\/td>\n<td>6<\/td>\n<\/tr>\n<tr>\n<td>Gorduras trans<\/td>\n<td>0<\/td>\n<td>(**)<\/td>\n<\/tr>\n<tr>\n<td>Fibra alimentar<\/td>\n<td>1,7<\/td>\n<td>7<\/td>\n<\/tr>\n<tr>\n<td>S\u00f3dio<\/td>\n<td>168<\/td>\n<td>7<\/td>\n<\/tr>\n<\/tbody>\n<\/table><figcaption class=\"wp-element-caption\">(*) % Valores Di\u00e1rios de Refer\u00eancia com base em uma dieta de 2.000 kcal ou 8400 kJ. Seus valores di\u00e1rios podem ser maiores ou menores dependendo de suas necessidades energ\u00e9ticas.<br \/>\n(**) Valores Di\u00e1rios de Refer\u00eancia n\u00e3o estabelecidos.<\/figcaption><\/figure>\n","protected":false},"excerpt":{"rendered":"<p>Farofa de Milho Yoki Temperada<\/p>\n","protected":false},"featured_media":3915,"comment_status":"open","ping_status":"closed","template":"","meta":[],"product_brand":[],"product_cat":[51],"product_tag":[],"class_list":{"0":"post-3469","1":"product","2":"type-product","3":"status-publish","4":"has-post-thumbnail","6":"product_cat-mercearia","8":"first","9":"instock","10":"shipping-taxable","11":"purchasable","12":"product-type-simple"},"_links":{"self":[{"href":"https:\/\/xpressmeatmarket.com\/onlinemarket\/wp-json\/wp\/v2\/product\/3469","targetHints":{"allow":["GET"]}}],"collection":[{"href":"https:\/\/xpressmeatmarket.com\/onlinemarket\/wp-json\/wp\/v2\/product"}],"about":[{"href":"https:\/\/xpressmeatmarket.com\/onlinemarket\/wp-json\/wp\/v2\/types\/product"}],"replies":[{"embeddable":true,"href":"https:\/\/xpressmeatmarket.com\/onlinemarket\/wp-json\/wp\/v2\/comments?post=3469"}],"wp:featuredmedia":[{"embeddable":true,"href":"https:\/\/xpressmeatmarket.com\/onlinemarket\/wp-json\/wp\/v2\/media\/3915"}],"wp:attachment":[{"href":"https:\/\/xpressmeatmarket.com\/onlinemarket\/wp-json\/wp\/v2\/media?parent=3469"}],"wp:term":[{"taxonomy":"product_brand","embeddable":true,"href":"https:\/\/xpressmeatmarket.com\/onlinemarket\/wp-json\/wp\/v2\/product_brand?post=3469"},{"taxonomy":"product_cat","embeddable":true,"href":"https:\/\/xpressmeatmarket.com\/onlinemarket\/wp-json\/wp\/v2\/product_cat?post=3469"},{"taxonomy":"product_tag","embeddable":true,"href":"https:\/\/xpressmeatmarket.com\/onlinemarket\/wp-json\/wp\/v2\/product_tag?post=3469"}],"curies":[{"name":"wp","href":"https:\/\/api.w.org\/{rel}","templated":true}]}}