{"id":3488,"date":"2023-11-09T11:33:59","date_gmt":"2023-11-09T11:33:59","guid":{"rendered":"https:\/\/xpressmeatmarket.com\/onlinemarket\/product\/pao-de-queijo-forno-de-minas-1kg\/"},"modified":"2026-01-14T18:05:31","modified_gmt":"2026-01-14T18:05:31","slug":"pao-de-queijo-forno-de-minas-1kg","status":"publish","type":"product","link":"https:\/\/xpressmeatmarket.com\/onlinemarket\/product\/pao-de-queijo-forno-de-minas-1kg\/","title":{"rendered":"P\u00e3o de Queijo Tradicional Forno de Minas &#8211; 1kg"},"content":{"rendered":"<p><strong>Em p\u00e3o de queijo que est\u00e1 ganhando n\u00e3o se mexe!<\/strong><\/p>\n<p>E pensar que nossa hist\u00f3ria come\u00e7ou com essa mesma receita, que a Dona Dalva assava para receber as muitas visitas que vinham atr\u00e1s de um bom papo e de um maravilhoso p\u00e3o de queijo, sempre quentinho e macio!<\/p>\n<div class=\"texto\">\n<h2>INGREDIENTES<\/h2>\n<p>Polvilho, \u00e1gua, ovo integral pasteurizado, queijo minas, f\u00e9cula de mandioca, \u00f3leo de soja, leite em p\u00f3 integral, queijo parmes\u00e3o, creme de leite, sal e soro de leite.<\/p>\n<\/div>\n<div class=\"alerta\">\n<h2>AL\u00c9RGICOS:<\/h2>\n<p>CONT\u00c9M OVO E DERIVADOS DE LEITE E SOJA. CONT\u00c9M LACTOSE. N\u00c3O CONT\u00c9M GL\u00daTEN.<\/p>\n<\/div>\n<div class=\"texto\">\n<h2>MODO DE PREPARO<\/h2>\n<p><em>O P\u00e3o de Queijo Forno de Minas \u00e9 um produto cru que necessita de coc\u00e7\u00e3o antes do consumo.<\/em><\/p>\n<p><strong>Direto do freezer para forno ou fritadeira el\u00e9trica, sem descongelar.<\/strong><\/p>\n<h3><strong>FORNO EL\u00c9TRICO \/ FORNO CONVENCIONAL<\/strong><\/h3>\n<ol>\n<li>Preaquecer o forno por cerca de 15 minutos \u00e0 temperatura de 180\u00baC.<\/li>\n<li>Distribuir os p\u00e3es de queijo em uma assadeira, deixando um espa\u00e7o de 2cm entre eles.<\/li>\n<li>Levar ao forno por aproximadamente 30 minutos.<\/li>\n<li>Retirar do forno quando os p\u00e3es de queijo estiverem dourados.<\/li>\n<\/ol>\n<\/div>\n","protected":false},"excerpt":{"rendered":"<p>A receita de P\u00e3o de Queijo da Dona Dalva.<\/p>\n","protected":false},"featured_media":4193,"comment_status":"open","ping_status":"closed","template":"","meta":[],"product_brand":[],"product_cat":[64],"product_tag":[],"class_list":{"0":"post-3488","1":"product","2":"type-product","3":"status-publish","4":"has-post-thumbnail","6":"product_cat-congelados","8":"first","9":"instock","10":"shipping-taxable","11":"purchasable","12":"product-type-simple"},"_links":{"self":[{"href":"https:\/\/xpressmeatmarket.com\/onlinemarket\/wp-json\/wp\/v2\/product\/3488","targetHints":{"allow":["GET"]}}],"collection":[{"href":"https:\/\/xpressmeatmarket.com\/onlinemarket\/wp-json\/wp\/v2\/product"}],"about":[{"href":"https:\/\/xpressmeatmarket.com\/onlinemarket\/wp-json\/wp\/v2\/types\/product"}],"replies":[{"embeddable":true,"href":"https:\/\/xpressmeatmarket.com\/onlinemarket\/wp-json\/wp\/v2\/comments?post=3488"}],"wp:featuredmedia":[{"embeddable":true,"href":"https:\/\/xpressmeatmarket.com\/onlinemarket\/wp-json\/wp\/v2\/media\/4193"}],"wp:attachment":[{"href":"https:\/\/xpressmeatmarket.com\/onlinemarket\/wp-json\/wp\/v2\/media?parent=3488"}],"wp:term":[{"taxonomy":"product_brand","embeddable":true,"href":"https:\/\/xpressmeatmarket.com\/onlinemarket\/wp-json\/wp\/v2\/product_brand?post=3488"},{"taxonomy":"product_cat","embeddable":true,"href":"https:\/\/xpressmeatmarket.com\/onlinemarket\/wp-json\/wp\/v2\/product_cat?post=3488"},{"taxonomy":"product_tag","embeddable":true,"href":"https:\/\/xpressmeatmarket.com\/onlinemarket\/wp-json\/wp\/v2\/product_tag?post=3488"}],"curies":[{"name":"wp","href":"https:\/\/api.w.org\/{rel}","templated":true}]}}