{"id":3506,"date":"2023-11-09T11:34:06","date_gmt":"2023-11-09T11:34:06","guid":{"rendered":"https:\/\/xpressmeatmarket.com\/onlinemarket\/product\/pacoquita-santa-helena-1-25kg\/"},"modified":"2026-01-14T18:04:34","modified_gmt":"2026-01-14T18:04:34","slug":"pacoquita-santa-helena-1-25kg","status":"publish","type":"product","link":"https:\/\/xpressmeatmarket.com\/onlinemarket\/product\/pacoquita-santa-helena-1-25kg\/","title":{"rendered":"Pa\u00e7oquita Rolha Santa Helena 1.25Kg Pote"},"content":{"rendered":"<p>Tradicional produto brasileiro \u00e0 base de amendoim, a Pa\u00e7oquita \u00e9 l\u00edder nacional no seu segmento e conquista consumidores e clientes a cada dia. Gra\u00e7as ao seu diferenciado sabor e um rigoroso controle de qualidade e de mat\u00e9ria-prima, \u00e9 um produto apreciado por consumidores de todas as idades h\u00e1 mais de 25 anos.<\/p>\n<p><b>INGREDIENTES: <\/b>amendoim torrado e mo\u00eddo, a\u00e7\u00facar e sal.\u00a0AL\u00c9RGICOS: CONT\u00c9M AMENDOIM. N\u00c3O CONT\u00c9M GL\u00daTEN.<\/p>\n","protected":false},"excerpt":{"rendered":"<p>Tradicional produto brasileiro \u00e0 base de amendoim<\/p>\n","protected":false},"featured_media":4178,"comment_status":"open","ping_status":"closed","template":"","meta":[],"product_brand":[],"product_cat":[51],"product_tag":[],"class_list":{"0":"post-3506","1":"product","2":"type-product","3":"status-publish","4":"has-post-thumbnail","6":"product_cat-mercearia","8":"first","9":"instock","10":"shipping-taxable","11":"purchasable","12":"product-type-simple"},"_links":{"self":[{"href":"https:\/\/xpressmeatmarket.com\/onlinemarket\/wp-json\/wp\/v2\/product\/3506","targetHints":{"allow":["GET"]}}],"collection":[{"href":"https:\/\/xpressmeatmarket.com\/onlinemarket\/wp-json\/wp\/v2\/product"}],"about":[{"href":"https:\/\/xpressmeatmarket.com\/onlinemarket\/wp-json\/wp\/v2\/types\/product"}],"replies":[{"embeddable":true,"href":"https:\/\/xpressmeatmarket.com\/onlinemarket\/wp-json\/wp\/v2\/comments?post=3506"}],"wp:featuredmedia":[{"embeddable":true,"href":"https:\/\/xpressmeatmarket.com\/onlinemarket\/wp-json\/wp\/v2\/media\/4178"}],"wp:attachment":[{"href":"https:\/\/xpressmeatmarket.com\/onlinemarket\/wp-json\/wp\/v2\/media?parent=3506"}],"wp:term":[{"taxonomy":"product_brand","embeddable":true,"href":"https:\/\/xpressmeatmarket.com\/onlinemarket\/wp-json\/wp\/v2\/product_brand?post=3506"},{"taxonomy":"product_cat","embeddable":true,"href":"https:\/\/xpressmeatmarket.com\/onlinemarket\/wp-json\/wp\/v2\/product_cat?post=3506"},{"taxonomy":"product_tag","embeddable":true,"href":"https:\/\/xpressmeatmarket.com\/onlinemarket\/wp-json\/wp\/v2\/product_tag?post=3506"}],"curies":[{"name":"wp","href":"https:\/\/api.w.org\/{rel}","templated":true}]}}