{"id":3513,"date":"2023-11-09T11:34:08","date_gmt":"2023-11-09T11:34:08","guid":{"rendered":"https:\/\/xpressmeatmarket.com\/onlinemarket\/product\/sausage-special\/"},"modified":"2025-09-16T17:29:59","modified_gmt":"2025-09-16T17:29:59","slug":"sausage-special","status":"publish","type":"product","link":"https:\/\/xpressmeatmarket.com\/onlinemarket\/product\/sausage-special\/","title":{"rendered":"Lingui\u00e7a Especial de Picanha Suina &#8211; Embalagem com 3 Pounds"},"content":{"rendered":"<p><strong>A Lingui\u00e7a de Picanha Su\u00edna<\/strong> Xpress \u00e9 o produto certo para dar aquele toque a mais no seu churrasco. Feita 100% artesanalmente com ingredientes selecionados, essa lingui\u00e7a foi especialmente escolhida para surpreender os paladares mais exigentes. Obrigat\u00f3ria em qualquer churrasco.<\/p>\n<p>A Embalagem Exclusiva Xpress Garante em torno de 3 Pounds de sua carne. Enviamos a sua carne em uma embalagem a v\u00e1cuo que mant\u00e9m a sua carne conservada por mais tempo, garantindo a sua sa\u00fade, cor, frescor, textura e o mais importante, uma perda m\u00ednima dos nutrientes.<\/p>\n","protected":false},"excerpt":{"rendered":"<p>A Lingui\u00e7a de Picanha Su\u00edna Xpress \u00e9 o produto certo para dar aquele toque a mais no seu churrasco. Feita 100% artesanalmente com ingredientes selecionados, essa lingui\u00e7a foi especialmente escolhida para surpreender os paladares mais exigentes. Obrigat\u00f3ria em qualquer churrasco. A Embalagem Exclusiva Xpress Garante em torno de 3 Pounds de sua carne. Enviamos a [&#8230;]\n","protected":false},"featured_media":3818,"comment_status":"open","ping_status":"closed","template":"","meta":[],"product_brand":[],"product_cat":[55],"product_tag":[],"class_list":{"0":"post-3513","1":"product","2":"type-product","3":"status-publish","4":"has-post-thumbnail","6":"product_cat-linguicas-xpress","8":"first","9":"instock","10":"shipping-taxable","11":"purchasable","12":"product-type-simple"},"_links":{"self":[{"href":"https:\/\/xpressmeatmarket.com\/onlinemarket\/wp-json\/wp\/v2\/product\/3513","targetHints":{"allow":["GET"]}}],"collection":[{"href":"https:\/\/xpressmeatmarket.com\/onlinemarket\/wp-json\/wp\/v2\/product"}],"about":[{"href":"https:\/\/xpressmeatmarket.com\/onlinemarket\/wp-json\/wp\/v2\/types\/product"}],"replies":[{"embeddable":true,"href":"https:\/\/xpressmeatmarket.com\/onlinemarket\/wp-json\/wp\/v2\/comments?post=3513"}],"wp:featuredmedia":[{"embeddable":true,"href":"https:\/\/xpressmeatmarket.com\/onlinemarket\/wp-json\/wp\/v2\/media\/3818"}],"wp:attachment":[{"href":"https:\/\/xpressmeatmarket.com\/onlinemarket\/wp-json\/wp\/v2\/media?parent=3513"}],"wp:term":[{"taxonomy":"product_brand","embeddable":true,"href":"https:\/\/xpressmeatmarket.com\/onlinemarket\/wp-json\/wp\/v2\/product_brand?post=3513"},{"taxonomy":"product_cat","embeddable":true,"href":"https:\/\/xpressmeatmarket.com\/onlinemarket\/wp-json\/wp\/v2\/product_cat?post=3513"},{"taxonomy":"product_tag","embeddable":true,"href":"https:\/\/xpressmeatmarket.com\/onlinemarket\/wp-json\/wp\/v2\/product_tag?post=3513"}],"curies":[{"name":"wp","href":"https:\/\/api.w.org\/{rel}","templated":true}]}}