{"id":3546,"date":"2023-11-09T11:34:20","date_gmt":"2023-11-09T11:34:20","guid":{"rendered":"https:\/\/xpressmeatmarket.com\/onlinemarket\/product\/povilho-premium-azedo-amafil-1kg\/"},"modified":"2026-01-14T17:54:31","modified_gmt":"2026-01-14T17:54:31","slug":"povilho-premium-azedo-amafil-1kg","status":"publish","type":"product","link":"https:\/\/xpressmeatmarket.com\/onlinemarket\/product\/povilho-premium-azedo-amafil-1kg\/","title":{"rendered":"Polvilho Azedo Premium Industrial Amafil &#8211; 1Kg"},"content":{"rendered":"<p>O Polvilho Azedo Amafil \u00e9 um derivado da mandioca, muito utilizado na culin\u00e1ria para elabora\u00e7\u00e3o de p\u00e3es de queijo, biscoitos, bolos, entre outras receitas. Com o Polvilho Azedo Amafil, suas receitas ficar\u00e3o com sabor e textura irresist\u00edveis!<\/p>\n","protected":false},"excerpt":{"rendered":"<p>Com o Polvilho Azedo Amafil, suas receitas ficar\u00e3o com sabor e textura irresist\u00edveis!<\/p>\n","protected":false},"featured_media":4179,"comment_status":"open","ping_status":"closed","template":"","meta":[],"product_brand":[],"product_cat":[51],"product_tag":[],"class_list":{"0":"post-3546","1":"product","2":"type-product","3":"status-publish","4":"has-post-thumbnail","6":"product_cat-mercearia","8":"first","9":"instock","10":"shipping-taxable","11":"purchasable","12":"product-type-simple"},"_links":{"self":[{"href":"https:\/\/xpressmeatmarket.com\/onlinemarket\/wp-json\/wp\/v2\/product\/3546","targetHints":{"allow":["GET"]}}],"collection":[{"href":"https:\/\/xpressmeatmarket.com\/onlinemarket\/wp-json\/wp\/v2\/product"}],"about":[{"href":"https:\/\/xpressmeatmarket.com\/onlinemarket\/wp-json\/wp\/v2\/types\/product"}],"replies":[{"embeddable":true,"href":"https:\/\/xpressmeatmarket.com\/onlinemarket\/wp-json\/wp\/v2\/comments?post=3546"}],"wp:featuredmedia":[{"embeddable":true,"href":"https:\/\/xpressmeatmarket.com\/onlinemarket\/wp-json\/wp\/v2\/media\/4179"}],"wp:attachment":[{"href":"https:\/\/xpressmeatmarket.com\/onlinemarket\/wp-json\/wp\/v2\/media?parent=3546"}],"wp:term":[{"taxonomy":"product_brand","embeddable":true,"href":"https:\/\/xpressmeatmarket.com\/onlinemarket\/wp-json\/wp\/v2\/product_brand?post=3546"},{"taxonomy":"product_cat","embeddable":true,"href":"https:\/\/xpressmeatmarket.com\/onlinemarket\/wp-json\/wp\/v2\/product_cat?post=3546"},{"taxonomy":"product_tag","embeddable":true,"href":"https:\/\/xpressmeatmarket.com\/onlinemarket\/wp-json\/wp\/v2\/product_tag?post=3546"}],"curies":[{"name":"wp","href":"https:\/\/api.w.org\/{rel}","templated":true}]}}