{"id":3562,"date":"2023-11-09T11:34:25","date_gmt":"2023-11-09T11:34:25","guid":{"rendered":"https:\/\/xpressmeatmarket.com\/onlinemarket\/product\/biscoito-amantegado-marilan-tradicional-280g\/"},"modified":"2026-01-14T17:52:54","modified_gmt":"2026-01-14T17:52:54","slug":"biscoito-amantegado-marilan-tradicional-280g","status":"publish","type":"product","link":"https:\/\/xpressmeatmarket.com\/onlinemarket\/product\/biscoito-amantegado-marilan-tradicional-280g\/","title":{"rendered":"Biscoito Amanteigado Tradicional Marilan 280g"},"content":{"rendered":"<p>Marilan Amanteigado Tradicional \u00e9 feito de ingredientes selecionados que garantem sabor e qualidade. Rico em gosto com aroma de baunilha, este biscoito \u00e9 uma \u00f3tima op\u00e7\u00e3o para as suas refei\u00e7\u00f5es do dia a dia. Seu pacote cont\u00e9m 280g de puro sabor.<\/p>\n","protected":false},"excerpt":{"rendered":"<p>Este biscoito \u00e9 uma \u00f3tima op\u00e7\u00e3o para as suas refei\u00e7\u00f5es do dia a dia.<\/p>\n","protected":false},"featured_media":3974,"comment_status":"open","ping_status":"closed","template":"","meta":[],"product_brand":[],"product_cat":[51],"product_tag":[],"class_list":{"0":"post-3562","1":"product","2":"type-product","3":"status-publish","4":"has-post-thumbnail","6":"product_cat-mercearia","8":"first","9":"instock","10":"shipping-taxable","11":"purchasable","12":"product-type-simple"},"_links":{"self":[{"href":"https:\/\/xpressmeatmarket.com\/onlinemarket\/wp-json\/wp\/v2\/product\/3562","targetHints":{"allow":["GET"]}}],"collection":[{"href":"https:\/\/xpressmeatmarket.com\/onlinemarket\/wp-json\/wp\/v2\/product"}],"about":[{"href":"https:\/\/xpressmeatmarket.com\/onlinemarket\/wp-json\/wp\/v2\/types\/product"}],"replies":[{"embeddable":true,"href":"https:\/\/xpressmeatmarket.com\/onlinemarket\/wp-json\/wp\/v2\/comments?post=3562"}],"wp:featuredmedia":[{"embeddable":true,"href":"https:\/\/xpressmeatmarket.com\/onlinemarket\/wp-json\/wp\/v2\/media\/3974"}],"wp:attachment":[{"href":"https:\/\/xpressmeatmarket.com\/onlinemarket\/wp-json\/wp\/v2\/media?parent=3562"}],"wp:term":[{"taxonomy":"product_brand","embeddable":true,"href":"https:\/\/xpressmeatmarket.com\/onlinemarket\/wp-json\/wp\/v2\/product_brand?post=3562"},{"taxonomy":"product_cat","embeddable":true,"href":"https:\/\/xpressmeatmarket.com\/onlinemarket\/wp-json\/wp\/v2\/product_cat?post=3562"},{"taxonomy":"product_tag","embeddable":true,"href":"https:\/\/xpressmeatmarket.com\/onlinemarket\/wp-json\/wp\/v2\/product_tag?post=3562"}],"curies":[{"name":"wp","href":"https:\/\/api.w.org\/{rel}","templated":true}]}}