{"id":3564,"date":"2023-11-09T11:34:26","date_gmt":"2023-11-09T11:34:26","guid":{"rendered":"https:\/\/xpressmeatmarket.com\/onlinemarket\/product\/choc-toddy-original-750g\/"},"modified":"2026-01-14T17:50:44","modified_gmt":"2026-01-14T17:50:44","slug":"choc-toddy-original-370g","status":"publish","type":"product","link":"https:\/\/xpressmeatmarket.com\/onlinemarket\/product\/choc-toddy-original-370g\/","title":{"rendered":"Achocolatado Toddy -370G"},"content":{"rendered":"<p>O Achocolatado Toddy \u00e9 um dos mais tradicionais e reconhecidos achocolatados do mercado, seu sabor marcante \u00e9 o mesmo h\u00e1 mais de 80 anos. Toddy \u00e9 perfeito para o caf\u00e9 da manh\u00e3, lanche da tarde ou para preparar uma receita.<\/p>\n","protected":false},"excerpt":{"rendered":"<p>Toddy \u00e9 perfeito para o caf\u00e9 da manh\u00e3, lanche da tarde ou para preparar uma receita.<\/p>\n","protected":false},"featured_media":4164,"comment_status":"open","ping_status":"closed","template":"","meta":[],"product_brand":[],"product_cat":[51],"product_tag":[],"class_list":{"0":"post-3564","1":"product","2":"type-product","3":"status-publish","4":"has-post-thumbnail","6":"product_cat-mercearia","8":"first","9":"instock","10":"shipping-taxable","11":"purchasable","12":"product-type-simple"},"_links":{"self":[{"href":"https:\/\/xpressmeatmarket.com\/onlinemarket\/wp-json\/wp\/v2\/product\/3564","targetHints":{"allow":["GET"]}}],"collection":[{"href":"https:\/\/xpressmeatmarket.com\/onlinemarket\/wp-json\/wp\/v2\/product"}],"about":[{"href":"https:\/\/xpressmeatmarket.com\/onlinemarket\/wp-json\/wp\/v2\/types\/product"}],"replies":[{"embeddable":true,"href":"https:\/\/xpressmeatmarket.com\/onlinemarket\/wp-json\/wp\/v2\/comments?post=3564"}],"wp:featuredmedia":[{"embeddable":true,"href":"https:\/\/xpressmeatmarket.com\/onlinemarket\/wp-json\/wp\/v2\/media\/4164"}],"wp:attachment":[{"href":"https:\/\/xpressmeatmarket.com\/onlinemarket\/wp-json\/wp\/v2\/media?parent=3564"}],"wp:term":[{"taxonomy":"product_brand","embeddable":true,"href":"https:\/\/xpressmeatmarket.com\/onlinemarket\/wp-json\/wp\/v2\/product_brand?post=3564"},{"taxonomy":"product_cat","embeddable":true,"href":"https:\/\/xpressmeatmarket.com\/onlinemarket\/wp-json\/wp\/v2\/product_cat?post=3564"},{"taxonomy":"product_tag","embeddable":true,"href":"https:\/\/xpressmeatmarket.com\/onlinemarket\/wp-json\/wp\/v2\/product_tag?post=3564"}],"curies":[{"name":"wp","href":"https:\/\/api.w.org\/{rel}","templated":true}]}}