{"id":3575,"date":"2023-11-09T11:34:28","date_gmt":"2023-11-09T11:34:28","guid":{"rendered":"https:\/\/xpressmeatmarket.com\/onlinemarket\/product\/wafer-hazelnut-bauducco-165-g\/"},"modified":"2026-01-14T21:01:44","modified_gmt":"2026-01-14T21:01:44","slug":"wafer-hazelnut-bauducco-165-g","status":"publish","type":"product","link":"https:\/\/xpressmeatmarket.com\/onlinemarket\/product\/wafer-hazelnut-bauducco-165-g\/","title":{"rendered":"Biscoito Wafer Hazelnut Bauducco 165g"},"content":{"rendered":"<p>Os Wafers de Chocolate Hazelnut da Bauducco s\u00e3o os preferidos dos consumidores. Irresistivelmente crocantes e com muito recheio, eles s\u00e3o ideais para qualquer hora do dia. Vai muito bem sozinho, com ch\u00e1 ou como acompanhamento de sorvetes. Curiosidade: a massa wafer j\u00e1 era conhecida dos franceses desde o s\u00e9culo 14, mas foi na \u00c1ustria que se teve a brilhante ideia de colocar recheio entre eles. Uma del\u00edcia!<\/p>\n","protected":false},"excerpt":{"rendered":"<p>Irresistivelmente crocantes e com muito recheio<\/p>\n","protected":false},"featured_media":4189,"comment_status":"open","ping_status":"closed","template":"","meta":[],"product_brand":[],"product_cat":[51],"product_tag":[],"class_list":{"0":"post-3575","1":"product","2":"type-product","3":"status-publish","4":"has-post-thumbnail","6":"product_cat-mercearia","8":"first","9":"instock","10":"shipping-taxable","11":"purchasable","12":"product-type-simple"},"_links":{"self":[{"href":"https:\/\/xpressmeatmarket.com\/onlinemarket\/wp-json\/wp\/v2\/product\/3575","targetHints":{"allow":["GET"]}}],"collection":[{"href":"https:\/\/xpressmeatmarket.com\/onlinemarket\/wp-json\/wp\/v2\/product"}],"about":[{"href":"https:\/\/xpressmeatmarket.com\/onlinemarket\/wp-json\/wp\/v2\/types\/product"}],"replies":[{"embeddable":true,"href":"https:\/\/xpressmeatmarket.com\/onlinemarket\/wp-json\/wp\/v2\/comments?post=3575"}],"wp:featuredmedia":[{"embeddable":true,"href":"https:\/\/xpressmeatmarket.com\/onlinemarket\/wp-json\/wp\/v2\/media\/4189"}],"wp:attachment":[{"href":"https:\/\/xpressmeatmarket.com\/onlinemarket\/wp-json\/wp\/v2\/media?parent=3575"}],"wp:term":[{"taxonomy":"product_brand","embeddable":true,"href":"https:\/\/xpressmeatmarket.com\/onlinemarket\/wp-json\/wp\/v2\/product_brand?post=3575"},{"taxonomy":"product_cat","embeddable":true,"href":"https:\/\/xpressmeatmarket.com\/onlinemarket\/wp-json\/wp\/v2\/product_cat?post=3575"},{"taxonomy":"product_tag","embeddable":true,"href":"https:\/\/xpressmeatmarket.com\/onlinemarket\/wp-json\/wp\/v2\/product_tag?post=3575"}],"curies":[{"name":"wp","href":"https:\/\/api.w.org\/{rel}","templated":true}]}}