{"id":3590,"date":"2023-11-09T11:34:32","date_gmt":"2023-11-09T11:34:32","guid":{"rendered":"https:\/\/xpressmeatmarket.com\/onlinemarket\/product\/sequilhos-coconut-vale-ouro-300-g\/"},"modified":"2025-08-08T22:49:52","modified_gmt":"2025-08-08T22:49:52","slug":"sequilhos-coconut-vale-ouro-300-g","status":"publish","type":"product","link":"https:\/\/xpressmeatmarket.com\/onlinemarket\/product\/sequilhos-coconut-vale-ouro-300-g\/","title":{"rendered":"Sequilhos de Coco Vale D&#8217;Ouro 350g-300g"},"content":{"rendered":"<p>BISCOITO TIPO SEQUILHO &#8211; PERFEITO PARA CAF\u00c9 DA TARDE OU LANCHE &#8211; SABOR COCO &#8211; N\u00c3O CONT\u00c9M GL\u00daTEN<\/p>\n<p>O Biscoito\u00a0Vale D&#8217;Ouro Sequilhos de Coco \u00e9 perfeito para o caf\u00e9 da tarde ou lanche entre as refei\u00e7\u00f5es! Delicioso sabor que explode na boca!<\/p>\n<p><strong>Ingredientes:\u00a0<\/strong>A\u00e7\u00facar cristal, amidos, ovos, gordura vegetal\u00a0hidrogenada, sal refinado e aroma artificial\u00a0de coco.\u00a0N\u00c3O CONT\u00c9M GL\u00daTEN.<\/p>\n","protected":false},"excerpt":{"rendered":"<p>Perfeito para o caf\u00e9 da Manh\u00e3 ou o lanche da tarde<\/p>\n","protected":false},"featured_media":4180,"comment_status":"open","ping_status":"closed","template":"","meta":[],"product_brand":[],"product_cat":[51],"product_tag":[],"class_list":{"0":"post-3590","1":"product","2":"type-product","3":"status-publish","4":"has-post-thumbnail","6":"product_cat-mercearia","8":"first","9":"instock","10":"shipping-taxable","11":"purchasable","12":"product-type-simple"},"_links":{"self":[{"href":"https:\/\/xpressmeatmarket.com\/onlinemarket\/wp-json\/wp\/v2\/product\/3590","targetHints":{"allow":["GET"]}}],"collection":[{"href":"https:\/\/xpressmeatmarket.com\/onlinemarket\/wp-json\/wp\/v2\/product"}],"about":[{"href":"https:\/\/xpressmeatmarket.com\/onlinemarket\/wp-json\/wp\/v2\/types\/product"}],"replies":[{"embeddable":true,"href":"https:\/\/xpressmeatmarket.com\/onlinemarket\/wp-json\/wp\/v2\/comments?post=3590"}],"wp:featuredmedia":[{"embeddable":true,"href":"https:\/\/xpressmeatmarket.com\/onlinemarket\/wp-json\/wp\/v2\/media\/4180"}],"wp:attachment":[{"href":"https:\/\/xpressmeatmarket.com\/onlinemarket\/wp-json\/wp\/v2\/media?parent=3590"}],"wp:term":[{"taxonomy":"product_brand","embeddable":true,"href":"https:\/\/xpressmeatmarket.com\/onlinemarket\/wp-json\/wp\/v2\/product_brand?post=3590"},{"taxonomy":"product_cat","embeddable":true,"href":"https:\/\/xpressmeatmarket.com\/onlinemarket\/wp-json\/wp\/v2\/product_cat?post=3590"},{"taxonomy":"product_tag","embeddable":true,"href":"https:\/\/xpressmeatmarket.com\/onlinemarket\/wp-json\/wp\/v2\/product_tag?post=3590"}],"curies":[{"name":"wp","href":"https:\/\/api.w.org\/{rel}","templated":true}]}}