{"id":3623,"date":"2023-11-09T11:34:43","date_gmt":"2023-11-09T11:34:43","guid":{"rendered":"https:\/\/xpressmeatmarket.com\/onlinemarket\/product\/bacalhau-file\/"},"modified":"2026-01-14T17:29:09","modified_gmt":"2026-01-14T17:29:09","slug":"bacalhau-file","status":"publish","type":"product","link":"https:\/\/xpressmeatmarket.com\/onlinemarket\/product\/bacalhau-file\/","title":{"rendered":"Fil\u00e9 de Bacalhau em Peda\u00e7os e sem espinha &#8211; embalagem com 2.5 pounds"},"content":{"rendered":"<p>Lombos de Bacalhau dessalgado e congelado, Sem pele e espinhas,<\/p>\n<p>Retire os lombos do congelador e deixe descongelar na geladeira.<\/p>\n<p>A Embalagem Exclusiva Xpress Garante o peso de aproximadamente 2.5 Pounds de seu Bacalhau. Enviamos em uma embalagem a v\u00e1cuo que mant\u00e9m o bacalhau conservado por mais tempo, garantindo a sua sa\u00fade, cor, frescor, textura e o mais importante, uma perda m\u00ednima dos nutrientes.<\/p>\n<p>&nbsp;<\/p>\n","protected":false},"excerpt":{"rendered":"<p>Lombos de Bacalhau dessalgado e congelado<\/p>\n","protected":false},"featured_media":4316,"comment_status":"open","ping_status":"closed","template":"","meta":[],"product_brand":[],"product_cat":[49],"product_tag":[],"class_list":{"0":"post-3623","1":"product","2":"type-product","3":"status-publish","4":"has-post-thumbnail","6":"product_cat-carnes","7":"wcpa_has_options","9":"first","10":"instock","11":"shipping-taxable","12":"purchasable","13":"product-type-simple"},"_links":{"self":[{"href":"https:\/\/xpressmeatmarket.com\/onlinemarket\/wp-json\/wp\/v2\/product\/3623","targetHints":{"allow":["GET"]}}],"collection":[{"href":"https:\/\/xpressmeatmarket.com\/onlinemarket\/wp-json\/wp\/v2\/product"}],"about":[{"href":"https:\/\/xpressmeatmarket.com\/onlinemarket\/wp-json\/wp\/v2\/types\/product"}],"replies":[{"embeddable":true,"href":"https:\/\/xpressmeatmarket.com\/onlinemarket\/wp-json\/wp\/v2\/comments?post=3623"}],"wp:featuredmedia":[{"embeddable":true,"href":"https:\/\/xpressmeatmarket.com\/onlinemarket\/wp-json\/wp\/v2\/media\/4316"}],"wp:attachment":[{"href":"https:\/\/xpressmeatmarket.com\/onlinemarket\/wp-json\/wp\/v2\/media?parent=3623"}],"wp:term":[{"taxonomy":"product_brand","embeddable":true,"href":"https:\/\/xpressmeatmarket.com\/onlinemarket\/wp-json\/wp\/v2\/product_brand?post=3623"},{"taxonomy":"product_cat","embeddable":true,"href":"https:\/\/xpressmeatmarket.com\/onlinemarket\/wp-json\/wp\/v2\/product_cat?post=3623"},{"taxonomy":"product_tag","embeddable":true,"href":"https:\/\/xpressmeatmarket.com\/onlinemarket\/wp-json\/wp\/v2\/product_tag?post=3623"}],"curies":[{"name":"wp","href":"https:\/\/api.w.org\/{rel}","templated":true}]}}