{"id":3654,"date":"2023-11-09T11:34:53","date_gmt":"2023-11-09T11:34:53","guid":{"rendered":"https:\/\/xpressmeatmarket.com\/onlinemarket\/product\/arroz-tio-joao-10-l\/"},"modified":"2026-01-14T17:14:59","modified_gmt":"2026-01-14T17:14:59","slug":"arroz-tio-joao-10-lb","status":"publish","type":"product","link":"https:\/\/xpressmeatmarket.com\/onlinemarket\/product\/arroz-tio-joao-10-lb\/","title":{"rendered":"ARROZ TIO JOAO 10 LB"},"content":{"rendered":"<div class=\"products-infos__text\">\n<p>Um arroz branquinho, soltinho e saboroso \u00e9 de dar \u00e1gua na boca. Com o arroz Tio Jo\u00e3o Gr\u00e3os Nobres \u00e9 assim. Ele passa por um processo de sele\u00e7\u00e3o e beneficiamento de gr\u00e3os, que deixa o arroz perfeito e com um excelente rendimento. \u00c9 um produto que une sabor, qualidade e inova\u00e7\u00e3o com a excel\u00eancia que os brasileiros merecem.<\/p>\n<\/div>\n<div class=\"products-infos__recipe\"><\/div>\n","protected":false},"excerpt":{"rendered":"<p>Um arroz branquinho, soltinho e saboroso \u00e9 de dar \u00e1gua na boca<\/p>\n","protected":false},"featured_media":3965,"comment_status":"open","ping_status":"closed","template":"","meta":[],"product_brand":[],"product_cat":[51],"product_tag":[],"class_list":{"0":"post-3654","1":"product","2":"type-product","3":"status-publish","4":"has-post-thumbnail","6":"product_cat-mercearia","8":"first","9":"instock","10":"shipping-taxable","11":"purchasable","12":"product-type-simple"},"_links":{"self":[{"href":"https:\/\/xpressmeatmarket.com\/onlinemarket\/wp-json\/wp\/v2\/product\/3654","targetHints":{"allow":["GET"]}}],"collection":[{"href":"https:\/\/xpressmeatmarket.com\/onlinemarket\/wp-json\/wp\/v2\/product"}],"about":[{"href":"https:\/\/xpressmeatmarket.com\/onlinemarket\/wp-json\/wp\/v2\/types\/product"}],"replies":[{"embeddable":true,"href":"https:\/\/xpressmeatmarket.com\/onlinemarket\/wp-json\/wp\/v2\/comments?post=3654"}],"wp:featuredmedia":[{"embeddable":true,"href":"https:\/\/xpressmeatmarket.com\/onlinemarket\/wp-json\/wp\/v2\/media\/3965"}],"wp:attachment":[{"href":"https:\/\/xpressmeatmarket.com\/onlinemarket\/wp-json\/wp\/v2\/media?parent=3654"}],"wp:term":[{"taxonomy":"product_brand","embeddable":true,"href":"https:\/\/xpressmeatmarket.com\/onlinemarket\/wp-json\/wp\/v2\/product_brand?post=3654"},{"taxonomy":"product_cat","embeddable":true,"href":"https:\/\/xpressmeatmarket.com\/onlinemarket\/wp-json\/wp\/v2\/product_cat?post=3654"},{"taxonomy":"product_tag","embeddable":true,"href":"https:\/\/xpressmeatmarket.com\/onlinemarket\/wp-json\/wp\/v2\/product_tag?post=3654"}],"curies":[{"name":"wp","href":"https:\/\/api.w.org\/{rel}","templated":true}]}}