{"id":3661,"date":"2023-11-09T11:34:55","date_gmt":"2023-11-09T11:34:55","guid":{"rendered":"https:\/\/xpressmeatmarket.com\/onlinemarket\/product\/pimenta-malagueta-sabor-mineiro-120g\/"},"modified":"2026-01-14T17:11:21","modified_gmt":"2026-01-14T17:11:21","slug":"pimenta-malagueta-delicias-de-mineiro-200g","status":"publish","type":"product","link":"https:\/\/xpressmeatmarket.com\/onlinemarket\/product\/pimenta-malagueta-delicias-de-mineiro-200g\/","title":{"rendered":"Pimenta Malagueta Delicias de Mineiro 200g"},"content":{"rendered":"<p><strong>PRODUTO NATURAL\u00a0&#8211; QUALIDADE SABOR MINEIRO &#8211; N\u00c3O CONT\u00c9M GL\u00daTEN<\/strong><\/p>\n<p>A Pimenta Malagueta Sabor Mineiro \u00e9 conservada em vinagre, um produto natural que n\u00e3o cont\u00e9m gl\u00faten.<\/p>\n<p><strong>Ingredientes:<\/strong>\u00a0pimenta malagueta, sal e vinagre.<\/p>\n<p>Pimenta Malagueta Sabor Mineiro 120g \/ 60g Drenado<\/p>\n","protected":false},"excerpt":{"rendered":"<p>Produto natural que n\u00e3o cont\u00e9m gl\u00faten.<\/p>\n<p>&nbsp;<\/p>\n","protected":false},"featured_media":4065,"comment_status":"open","ping_status":"closed","template":"","meta":[],"product_brand":[],"product_cat":[51],"product_tag":[],"class_list":{"0":"post-3661","1":"product","2":"type-product","3":"status-publish","4":"has-post-thumbnail","6":"product_cat-mercearia","8":"first","9":"instock","10":"shipping-taxable","11":"purchasable","12":"product-type-simple"},"_links":{"self":[{"href":"https:\/\/xpressmeatmarket.com\/onlinemarket\/wp-json\/wp\/v2\/product\/3661","targetHints":{"allow":["GET"]}}],"collection":[{"href":"https:\/\/xpressmeatmarket.com\/onlinemarket\/wp-json\/wp\/v2\/product"}],"about":[{"href":"https:\/\/xpressmeatmarket.com\/onlinemarket\/wp-json\/wp\/v2\/types\/product"}],"replies":[{"embeddable":true,"href":"https:\/\/xpressmeatmarket.com\/onlinemarket\/wp-json\/wp\/v2\/comments?post=3661"}],"wp:featuredmedia":[{"embeddable":true,"href":"https:\/\/xpressmeatmarket.com\/onlinemarket\/wp-json\/wp\/v2\/media\/4065"}],"wp:attachment":[{"href":"https:\/\/xpressmeatmarket.com\/onlinemarket\/wp-json\/wp\/v2\/media?parent=3661"}],"wp:term":[{"taxonomy":"product_brand","embeddable":true,"href":"https:\/\/xpressmeatmarket.com\/onlinemarket\/wp-json\/wp\/v2\/product_brand?post=3661"},{"taxonomy":"product_cat","embeddable":true,"href":"https:\/\/xpressmeatmarket.com\/onlinemarket\/wp-json\/wp\/v2\/product_cat?post=3661"},{"taxonomy":"product_tag","embeddable":true,"href":"https:\/\/xpressmeatmarket.com\/onlinemarket\/wp-json\/wp\/v2\/product_tag?post=3661"}],"curies":[{"name":"wp","href":"https:\/\/api.w.org\/{rel}","templated":true}]}}