{"id":3696,"date":"2023-11-09T11:35:04","date_gmt":"2023-11-09T11:35:04","guid":{"rendered":"https:\/\/xpressmeatmarket.com\/onlinemarket\/product\/requeijao-quata-180gr\/"},"modified":"2026-01-14T17:08:48","modified_gmt":"2026-01-14T17:08:48","slug":"requeijao-quata-180gr","status":"publish","type":"product","link":"https:\/\/xpressmeatmarket.com\/onlinemarket\/product\/requeijao-quata-180gr\/","title":{"rendered":"Requeij\u00e3o Copo Quat\u00e1 &#8211; 180g"},"content":{"rendered":"<p>Leve, saud\u00e1vel e fonte de c\u00e1lcio, o Creme de Queijo Tradicional \u00e9 a novidade gostosa de espalhar. Trazendo todos os benef\u00edcios do queijo para o formato de copo 180g, o Creme de Queijo Quat\u00e1 Tradicional \u00e9 uma \u00f3tima op\u00e7\u00e3o para come\u00e7ar o dia de uma forma mais gostosa combinando com torradas, sandu\u00edches, canap\u00e9s ou inovando em receitas deliciosas.<\/p>\n","protected":false},"excerpt":{"rendered":"<p>Leve, saud\u00e1vel e fonte de c\u00e1lcio, o Creme de Queijo Tradicional \u00e9 a novidade gostosa de espalhar. Trazendo todos os benef\u00edcios do queijo para o formato de copo 180g, o Creme de Queijo Quat\u00e1 Tradicional \u00e9 uma \u00f3tima op\u00e7\u00e3o para come\u00e7ar o dia de uma forma mais gostosa combinando com torradas, sandu\u00edches, canap\u00e9s ou inovando [&#8230;]\n","protected":false},"featured_media":4091,"comment_status":"open","ping_status":"closed","template":"","meta":[],"product_brand":[],"product_cat":[75],"product_tag":[],"class_list":{"0":"post-3696","1":"product","2":"type-product","3":"status-publish","4":"has-post-thumbnail","6":"product_cat-frios","8":"first","9":"instock","10":"shipping-taxable","11":"purchasable","12":"product-type-simple"},"_links":{"self":[{"href":"https:\/\/xpressmeatmarket.com\/onlinemarket\/wp-json\/wp\/v2\/product\/3696","targetHints":{"allow":["GET"]}}],"collection":[{"href":"https:\/\/xpressmeatmarket.com\/onlinemarket\/wp-json\/wp\/v2\/product"}],"about":[{"href":"https:\/\/xpressmeatmarket.com\/onlinemarket\/wp-json\/wp\/v2\/types\/product"}],"replies":[{"embeddable":true,"href":"https:\/\/xpressmeatmarket.com\/onlinemarket\/wp-json\/wp\/v2\/comments?post=3696"}],"wp:featuredmedia":[{"embeddable":true,"href":"https:\/\/xpressmeatmarket.com\/onlinemarket\/wp-json\/wp\/v2\/media\/4091"}],"wp:attachment":[{"href":"https:\/\/xpressmeatmarket.com\/onlinemarket\/wp-json\/wp\/v2\/media?parent=3696"}],"wp:term":[{"taxonomy":"product_brand","embeddable":true,"href":"https:\/\/xpressmeatmarket.com\/onlinemarket\/wp-json\/wp\/v2\/product_brand?post=3696"},{"taxonomy":"product_cat","embeddable":true,"href":"https:\/\/xpressmeatmarket.com\/onlinemarket\/wp-json\/wp\/v2\/product_cat?post=3696"},{"taxonomy":"product_tag","embeddable":true,"href":"https:\/\/xpressmeatmarket.com\/onlinemarket\/wp-json\/wp\/v2\/product_tag?post=3696"}],"curies":[{"name":"wp","href":"https:\/\/api.w.org\/{rel}","templated":true}]}}