{"id":3710,"date":"2023-11-09T11:35:07","date_gmt":"2023-11-09T11:35:07","guid":{"rendered":"https:\/\/xpressmeatmarket.com\/onlinemarket\/product\/batata-palha-tradicional-yoki-105g\/"},"modified":"2026-01-14T15:27:28","modified_gmt":"2026-01-14T15:27:28","slug":"batata-palha-tradicional-yoki-105g","status":"publish","type":"product","link":"https:\/\/xpressmeatmarket.com\/onlinemarket\/product\/batata-palha-tradicional-yoki-105g\/","title":{"rendered":"Batata Palha Tradicional Yoki &#8211; 105g"},"content":{"rendered":"<p><strong>A batata palha Yoki \u00e9 uma tradi\u00e7\u00e3o no Brasil.<\/strong> \u00c9 o acompanhamento coringa de todos os momentos: vai do almo\u00e7o do dia a dia ao jantar especial do fim de semana. J\u00e1 para alguns pratos &#8211; como o cachorro quente e o estrogonofe -, \u00e9 ingrediente indispens\u00e1vel. Experimente tamb\u00e9m em saladas, tortas, escondidinhos e onde mais desejar.\u00a0 Com batata palha Yoki, a criatividade vai longe!<\/p>\n","protected":false},"excerpt":{"rendered":"<p>Com batata palha Yoki, a criatividade vai longe!<\/p>\n","protected":false},"featured_media":3968,"comment_status":"open","ping_status":"closed","template":"","meta":[],"product_brand":[],"product_cat":[51],"product_tag":[],"class_list":{"0":"post-3710","1":"product","2":"type-product","3":"status-publish","4":"has-post-thumbnail","6":"product_cat-mercearia","8":"first","9":"instock","10":"shipping-taxable","11":"purchasable","12":"product-type-simple"},"_links":{"self":[{"href":"https:\/\/xpressmeatmarket.com\/onlinemarket\/wp-json\/wp\/v2\/product\/3710","targetHints":{"allow":["GET"]}}],"collection":[{"href":"https:\/\/xpressmeatmarket.com\/onlinemarket\/wp-json\/wp\/v2\/product"}],"about":[{"href":"https:\/\/xpressmeatmarket.com\/onlinemarket\/wp-json\/wp\/v2\/types\/product"}],"replies":[{"embeddable":true,"href":"https:\/\/xpressmeatmarket.com\/onlinemarket\/wp-json\/wp\/v2\/comments?post=3710"}],"wp:featuredmedia":[{"embeddable":true,"href":"https:\/\/xpressmeatmarket.com\/onlinemarket\/wp-json\/wp\/v2\/media\/3968"}],"wp:attachment":[{"href":"https:\/\/xpressmeatmarket.com\/onlinemarket\/wp-json\/wp\/v2\/media?parent=3710"}],"wp:term":[{"taxonomy":"product_brand","embeddable":true,"href":"https:\/\/xpressmeatmarket.com\/onlinemarket\/wp-json\/wp\/v2\/product_brand?post=3710"},{"taxonomy":"product_cat","embeddable":true,"href":"https:\/\/xpressmeatmarket.com\/onlinemarket\/wp-json\/wp\/v2\/product_cat?post=3710"},{"taxonomy":"product_tag","embeddable":true,"href":"https:\/\/xpressmeatmarket.com\/onlinemarket\/wp-json\/wp\/v2\/product_tag?post=3710"}],"curies":[{"name":"wp","href":"https:\/\/api.w.org\/{rel}","templated":true}]}}