{"id":3712,"date":"2023-11-09T11:35:10","date_gmt":"2023-11-09T11:35:10","guid":{"rendered":"https:\/\/xpressmeatmarket.com\/onlinemarket\/product\/feijao-carioca-broto-lega-1-kg\/"},"modified":"2026-01-14T15:26:24","modified_gmt":"2026-01-14T15:26:24","slug":"feijao-carioca-broto-lega-1-kg","status":"publish","type":"product","link":"https:\/\/xpressmeatmarket.com\/onlinemarket\/product\/feijao-carioca-broto-lega-1-kg\/","title":{"rendered":"Feij\u00e3o Carioca Broto Legal 1Kg"},"content":{"rendered":"<p>O Feij\u00e3o Carioca Broto Legal \u00e9 um feij\u00e3o superior, rigorosamente selecionado. Empacotado com gr\u00e3os maiores e padronizados. Proporcionam um caldo saboroso. Rico em fibras, o feij\u00e3o traz muitos benef\u00edcios para sua sa\u00fade. Ele tem altas concentra\u00e7\u00f5es de fibra sol\u00favel, que ajuda a reduzir o colesterol no sangue. A fibra sol\u00favel atrai a \u00e1gua se transformando em um gel durante a digest\u00e3o. O feij\u00e3o ainda \u00e9 fonte de amino\u00e1cidos e prote\u00ednas. Muito bom, n\u00e3o \u00e9 mesmo?<\/p>\n","protected":false},"excerpt":{"rendered":"<p>Rico em fibras, o feij\u00e3o traz muitos benef\u00edcios para sua sa\u00fade.<\/p>\n","protected":false},"featured_media":4037,"comment_status":"open","ping_status":"closed","template":"","meta":[],"product_brand":[],"product_cat":[51],"product_tag":[],"class_list":{"0":"post-3712","1":"product","2":"type-product","3":"status-publish","4":"has-post-thumbnail","6":"product_cat-mercearia","8":"first","9":"instock","10":"shipping-taxable","11":"purchasable","12":"product-type-simple"},"_links":{"self":[{"href":"https:\/\/xpressmeatmarket.com\/onlinemarket\/wp-json\/wp\/v2\/product\/3712","targetHints":{"allow":["GET"]}}],"collection":[{"href":"https:\/\/xpressmeatmarket.com\/onlinemarket\/wp-json\/wp\/v2\/product"}],"about":[{"href":"https:\/\/xpressmeatmarket.com\/onlinemarket\/wp-json\/wp\/v2\/types\/product"}],"replies":[{"embeddable":true,"href":"https:\/\/xpressmeatmarket.com\/onlinemarket\/wp-json\/wp\/v2\/comments?post=3712"}],"wp:featuredmedia":[{"embeddable":true,"href":"https:\/\/xpressmeatmarket.com\/onlinemarket\/wp-json\/wp\/v2\/media\/4037"}],"wp:attachment":[{"href":"https:\/\/xpressmeatmarket.com\/onlinemarket\/wp-json\/wp\/v2\/media?parent=3712"}],"wp:term":[{"taxonomy":"product_brand","embeddable":true,"href":"https:\/\/xpressmeatmarket.com\/onlinemarket\/wp-json\/wp\/v2\/product_brand?post=3712"},{"taxonomy":"product_cat","embeddable":true,"href":"https:\/\/xpressmeatmarket.com\/onlinemarket\/wp-json\/wp\/v2\/product_cat?post=3712"},{"taxonomy":"product_tag","embeddable":true,"href":"https:\/\/xpressmeatmarket.com\/onlinemarket\/wp-json\/wp\/v2\/product_tag?post=3712"}],"curies":[{"name":"wp","href":"https:\/\/api.w.org\/{rel}","templated":true}]}}