{"id":3724,"date":"2023-11-09T11:35:13","date_gmt":"2023-11-09T11:35:13","guid":{"rendered":"https:\/\/xpressmeatmarket.com\/onlinemarket\/product\/rosquinha-coconut-marilan-300g\/"},"modified":"2026-01-14T15:22:45","modified_gmt":"2026-01-14T15:22:45","slug":"rosquinha-coconut-marilan-300g","status":"publish","type":"product","link":"https:\/\/xpressmeatmarket.com\/onlinemarket\/product\/rosquinha-coconut-marilan-300g\/","title":{"rendered":"Biscoito Rosquinha de Coco Marilan 350g"},"content":{"rendered":"<p>Rosquinhas sabor Coco 400gr<\/p>\n<p>Imposs\u00edvel resistir a mais essa nova delicia!<\/p>\n<p><strong>Ingredientes:\u00a0<\/strong>Farinha de Trigo Enriquecida com Ferro e \u00c1cido F\u00f3lico, A\u00e7\u00facar, Gordura Vegetal (Soja, Palma), Amido, A\u00e7\u00facar Invertido, Sal, Emulsificante\u00a0Lecitina de Soja (INS 322), Aromatizante, Acidulante \u00c1cido L\u00e1ctico (INS 270), Fermentos Qu\u00edmicos Bicarbonato de S\u00f3dio (INS 500ii) e\u00a0Bicarbonato de Am\u00f4nio (INS 503ii).\u00a0CONT\u00c9M GL\u00daTEN.<\/p>\n<p>Cont\u00e9m tra\u00e7os de leite ou derivados, nozes, amendoim e coco.<\/p>\n<p>Conservar em local seco, fresco e inodoro. Ap\u00f3s aberta a embalagem, manter o produto em recipiente tampado em local fresco.<\/p>\n","protected":false},"excerpt":{"rendered":"<p>Rosquinhas sabor Coco 400gr Imposs\u00edvel resistir a mais essa nova delicia! Ingredientes:\u00a0Farinha de Trigo Enriquecida com Ferro e \u00c1cido F\u00f3lico, A\u00e7\u00facar, Gordura Vegetal (Soja, Palma), Amido, A\u00e7\u00facar Invertido, Sal, Emulsificante\u00a0Lecitina de Soja (INS 322), Aromatizante, Acidulante \u00c1cido L\u00e1ctico (INS 270), Fermentos Qu\u00edmicos Bicarbonato de S\u00f3dio (INS 500ii) e\u00a0Bicarbonato de Am\u00f4nio (INS 503ii).\u00a0CONT\u00c9M GL\u00daTEN. Cont\u00e9m tra\u00e7os [&#8230;]\n","protected":false},"featured_media":4034,"comment_status":"open","ping_status":"closed","template":"","meta":[],"product_brand":[],"product_cat":[51],"product_tag":[],"class_list":{"0":"post-3724","1":"product","2":"type-product","3":"status-publish","4":"has-post-thumbnail","6":"product_cat-mercearia","8":"first","9":"instock","10":"shipping-taxable","11":"purchasable","12":"product-type-simple"},"_links":{"self":[{"href":"https:\/\/xpressmeatmarket.com\/onlinemarket\/wp-json\/wp\/v2\/product\/3724","targetHints":{"allow":["GET"]}}],"collection":[{"href":"https:\/\/xpressmeatmarket.com\/onlinemarket\/wp-json\/wp\/v2\/product"}],"about":[{"href":"https:\/\/xpressmeatmarket.com\/onlinemarket\/wp-json\/wp\/v2\/types\/product"}],"replies":[{"embeddable":true,"href":"https:\/\/xpressmeatmarket.com\/onlinemarket\/wp-json\/wp\/v2\/comments?post=3724"}],"wp:featuredmedia":[{"embeddable":true,"href":"https:\/\/xpressmeatmarket.com\/onlinemarket\/wp-json\/wp\/v2\/media\/4034"}],"wp:attachment":[{"href":"https:\/\/xpressmeatmarket.com\/onlinemarket\/wp-json\/wp\/v2\/media?parent=3724"}],"wp:term":[{"taxonomy":"product_brand","embeddable":true,"href":"https:\/\/xpressmeatmarket.com\/onlinemarket\/wp-json\/wp\/v2\/product_brand?post=3724"},{"taxonomy":"product_cat","embeddable":true,"href":"https:\/\/xpressmeatmarket.com\/onlinemarket\/wp-json\/wp\/v2\/product_cat?post=3724"},{"taxonomy":"product_tag","embeddable":true,"href":"https:\/\/xpressmeatmarket.com\/onlinemarket\/wp-json\/wp\/v2\/product_tag?post=3724"}],"curies":[{"name":"wp","href":"https:\/\/api.w.org\/{rel}","templated":true}]}}