{"id":3735,"date":"2023-11-09T11:35:15","date_gmt":"2023-11-09T11:35:15","guid":{"rendered":"https:\/\/xpressmeatmarket.com\/onlinemarket\/product\/beef-heart\/"},"modified":"2026-01-14T15:13:59","modified_gmt":"2026-01-14T15:13:59","slug":"beef-heart","status":"publish","type":"product","link":"https:\/\/xpressmeatmarket.com\/onlinemarket\/product\/beef-heart\/","title":{"rendered":"\ud83c\udde7\ud83c\uddf7 Cora\u00e7\u00e3o de Boi &#8211; \ud83c\uddfa\ud83c\uddf8 Beef Hearts &#8211; Embalagem com 2.5 Pounds"},"content":{"rendered":"<p id=\"tw-target-text\" class=\"tw-data-text tw-text-large tw-ta\" dir=\"ltr\" data-placeholder=\"Translation\" data-ved=\"2ahUKEwitxtLS7-mCAxUWQTABHYjOBUUQ3ewLegQIBRAQ\"><span class=\"Y2IQFc\" lang=\"pt\">O cora\u00e7\u00e3o de boi \u00e9 um \u00f3rg\u00e3o nutritivo com sabor levemente de ca\u00e7a (semelhante ao rim) e uma textura descrita como semelhante \u00e0 moela de frango. Como os cora\u00e7\u00f5es tendem a pesar cerca de 2 quilos, um cora\u00e7\u00e3o pode alimentar at\u00e9 6 pessoas! <\/span><\/p>\n<p class=\"tw-data-text tw-text-large tw-ta\" dir=\"ltr\" data-placeholder=\"Translation\" data-ved=\"2ahUKEwitxtLS7-mCAxUWQTABHYjOBUUQ3ewLegQIBRAQ\"><span class=\"Y2IQFc\" lang=\"pt\"> Nossa recomenda\u00e7\u00e3o \u00e9 abri-lo, cort\u00e1-lo em cubos e grelhar em espetos com nosso Sal e Pimenta de A\u00e7ougueiro, alho e p\u00e1prica. Combine os espetos com molho rocoto, como fazem os peruanos para saborear os aut\u00eanticos Anticuchos.<\/span><\/p>\n<p>A Embalagem Exclusiva Xpress Garante o peso de aproximadamente 2.5 Pounds de sua carne. Enviamos a sua carne em uma embalagem a v\u00e1cuo que mant\u00e9m a sua carne conservada por mais tempo, garantindo a sua sa\u00fade, cor, frescor, textura e o mais importante, uma perda m\u00ednima dos nutrientes.<\/p>\n<p>&nbsp;<\/p>\n<p>&nbsp;<\/p>\n","protected":false},"excerpt":{"rendered":"<p><span class=\"Y2IQFc\" lang=\"pt\">O cora\u00e7\u00e3o de boi \u00e9 um \u00f3rg\u00e3o nutritivo com sabor levemente de ca\u00e7a<\/span><\/p>\n","protected":false},"featured_media":4146,"comment_status":"open","ping_status":"closed","template":"","meta":[],"product_brand":[],"product_cat":[49],"product_tag":[],"class_list":{"0":"post-3735","1":"product","2":"type-product","3":"status-publish","4":"has-post-thumbnail","6":"product_cat-carnes","7":"wcpa_has_options","9":"first","10":"instock","11":"shipping-taxable","12":"purchasable","13":"product-type-simple"},"_links":{"self":[{"href":"https:\/\/xpressmeatmarket.com\/onlinemarket\/wp-json\/wp\/v2\/product\/3735","targetHints":{"allow":["GET"]}}],"collection":[{"href":"https:\/\/xpressmeatmarket.com\/onlinemarket\/wp-json\/wp\/v2\/product"}],"about":[{"href":"https:\/\/xpressmeatmarket.com\/onlinemarket\/wp-json\/wp\/v2\/types\/product"}],"replies":[{"embeddable":true,"href":"https:\/\/xpressmeatmarket.com\/onlinemarket\/wp-json\/wp\/v2\/comments?post=3735"}],"wp:featuredmedia":[{"embeddable":true,"href":"https:\/\/xpressmeatmarket.com\/onlinemarket\/wp-json\/wp\/v2\/media\/4146"}],"wp:attachment":[{"href":"https:\/\/xpressmeatmarket.com\/onlinemarket\/wp-json\/wp\/v2\/media?parent=3735"}],"wp:term":[{"taxonomy":"product_brand","embeddable":true,"href":"https:\/\/xpressmeatmarket.com\/onlinemarket\/wp-json\/wp\/v2\/product_brand?post=3735"},{"taxonomy":"product_cat","embeddable":true,"href":"https:\/\/xpressmeatmarket.com\/onlinemarket\/wp-json\/wp\/v2\/product_cat?post=3735"},{"taxonomy":"product_tag","embeddable":true,"href":"https:\/\/xpressmeatmarket.com\/onlinemarket\/wp-json\/wp\/v2\/product_tag?post=3735"}],"curies":[{"name":"wp","href":"https:\/\/api.w.org\/{rel}","templated":true}]}}