{"id":3738,"date":"2023-11-09T11:35:16","date_gmt":"2023-11-09T11:35:16","guid":{"rendered":"https:\/\/xpressmeatmarket.com\/onlinemarket\/product\/carne-seca\/"},"modified":"2026-01-14T15:11:17","modified_gmt":"2026-01-14T15:11:17","slug":"carne-seca","status":"publish","type":"product","link":"https:\/\/xpressmeatmarket.com\/onlinemarket\/product\/carne-seca\/","title":{"rendered":"\ud83c\udde7\ud83c\uddf7 Carne Seca Xpress &#8211; \ud83c\uddfa\ud83c\uddf8 Beef Jerky  2.5 Pounds"},"content":{"rendered":"<p><strong>Carne Seca Xpress &#8211; O Verdadeiro Sabor Brasileiro &#8211; Produto Exclusivo feito pelo Xpress Meat Market<\/strong><\/p>\n<p>A Carne Seca Xpress consiste em uma carne seca, salgada e curada, obtida de um corte fresco de carne bovina canadense seco com sal durante um per\u00edodo de tempo, para desenvolver aroma e sabor. Carne Seca tamb\u00e9m \u00e9 conhecida como Charque, Charqui ou Beef Jerky.<\/p>\n<p>A Embalagem Exclusiva Xpress Garante o peso de aproximadamente 2.5 Pounds de sua carne. Enviamos a sua carne em uma embalagem a v\u00e1cuo que mant\u00e9m a sua carne conservada por mais tempo, garantindo a sua sa\u00fade, cor, frescor, textura e o mais importante, uma perda m\u00ednima dos nutrientes.<\/p>\n<p>&nbsp;<\/p>\n<p>&nbsp;<\/p>\n<p>&nbsp;<\/p>\n<p>&nbsp;<\/p>\n","protected":false},"excerpt":{"rendered":"<p>Carne Seca tamb\u00e9m \u00e9 conhecida como Charque ou Charqui.<\/p>\n","protected":false},"featured_media":4317,"comment_status":"open","ping_status":"closed","template":"","meta":[],"product_brand":[],"product_cat":[17],"product_tag":[],"class_list":{"0":"post-3738","1":"product","2":"type-product","3":"status-publish","4":"has-post-thumbnail","6":"product_cat-exclusive-xpress-meat-market","8":"first","9":"instock","10":"shipping-taxable","11":"purchasable","12":"product-type-simple"},"_links":{"self":[{"href":"https:\/\/xpressmeatmarket.com\/onlinemarket\/wp-json\/wp\/v2\/product\/3738","targetHints":{"allow":["GET"]}}],"collection":[{"href":"https:\/\/xpressmeatmarket.com\/onlinemarket\/wp-json\/wp\/v2\/product"}],"about":[{"href":"https:\/\/xpressmeatmarket.com\/onlinemarket\/wp-json\/wp\/v2\/types\/product"}],"replies":[{"embeddable":true,"href":"https:\/\/xpressmeatmarket.com\/onlinemarket\/wp-json\/wp\/v2\/comments?post=3738"}],"wp:featuredmedia":[{"embeddable":true,"href":"https:\/\/xpressmeatmarket.com\/onlinemarket\/wp-json\/wp\/v2\/media\/4317"}],"wp:attachment":[{"href":"https:\/\/xpressmeatmarket.com\/onlinemarket\/wp-json\/wp\/v2\/media?parent=3738"}],"wp:term":[{"taxonomy":"product_brand","embeddable":true,"href":"https:\/\/xpressmeatmarket.com\/onlinemarket\/wp-json\/wp\/v2\/product_brand?post=3738"},{"taxonomy":"product_cat","embeddable":true,"href":"https:\/\/xpressmeatmarket.com\/onlinemarket\/wp-json\/wp\/v2\/product_cat?post=3738"},{"taxonomy":"product_tag","embeddable":true,"href":"https:\/\/xpressmeatmarket.com\/onlinemarket\/wp-json\/wp\/v2\/product_tag?post=3738"}],"curies":[{"name":"wp","href":"https:\/\/api.w.org\/{rel}","templated":true}]}}