{"id":3739,"date":"2023-11-09T11:35:16","date_gmt":"2023-11-09T11:35:16","guid":{"rendered":"https:\/\/xpressmeatmarket.com\/onlinemarket\/product\/heel-meat-com-osso\/"},"modified":"2026-01-14T15:12:22","modified_gmt":"2026-01-14T15:12:22","slug":"heel-meat-com-osso","status":"publish","type":"product","link":"https:\/\/xpressmeatmarket.com\/onlinemarket\/product\/heel-meat-com-osso\/","title":{"rendered":"\ud83c\udde7\ud83c\uddf7 M\u00fasculo Bovino com Osso &#8211; \ud83c\uddfa\ud83c\uddf8 Beef Shank &#8211; 3 Pounds"},"content":{"rendered":"<p>O M\u00fasculo bovino\u00a0um dos cortes mais saud\u00e1veis do boi, \u00e9 uma carne fibrosa, saborosa, pobre em gordura, mas rica em col\u00e1geno. M\u00fasculo traseiro: \u00e9 dessa pe\u00e7a que se extrai o ossobuco, famoso corte redondo, com osso e tutano, que deve ser cozido lenta e longamente.<\/p>\n<p>A Embalagem Exclusiva Xpress Garante o peso de aproximadamente 3 Pounds de sua carne. Enviamos a sua carne em uma embalagem a v\u00e1cuo que mant\u00e9m a sua carne conservada por mais tempo, garantindo a sua sa\u00fade, cor, frescor, textura e o mais importante, uma perda m\u00ednima dos nutrientes.<\/p>\n<p>&nbsp;<\/p>\n<p>&nbsp;<\/p>\n","protected":false},"excerpt":{"rendered":"<p>O M\u00fasculo bovino\u00a0um dos cortes mais saud\u00e1veis do boi<\/p>\n<p>&nbsp;<\/p>\n<p>&nbsp;<\/p>\n","protected":false},"featured_media":4026,"comment_status":"open","ping_status":"closed","template":"","meta":[],"product_brand":[],"product_cat":[49],"product_tag":[],"class_list":{"0":"post-3739","1":"product","2":"type-product","3":"status-publish","4":"has-post-thumbnail","6":"product_cat-carnes","7":"wcpa_has_options","9":"first","10":"instock","11":"shipping-taxable","12":"purchasable","13":"product-type-simple"},"_links":{"self":[{"href":"https:\/\/xpressmeatmarket.com\/onlinemarket\/wp-json\/wp\/v2\/product\/3739","targetHints":{"allow":["GET"]}}],"collection":[{"href":"https:\/\/xpressmeatmarket.com\/onlinemarket\/wp-json\/wp\/v2\/product"}],"about":[{"href":"https:\/\/xpressmeatmarket.com\/onlinemarket\/wp-json\/wp\/v2\/types\/product"}],"replies":[{"embeddable":true,"href":"https:\/\/xpressmeatmarket.com\/onlinemarket\/wp-json\/wp\/v2\/comments?post=3739"}],"wp:featuredmedia":[{"embeddable":true,"href":"https:\/\/xpressmeatmarket.com\/onlinemarket\/wp-json\/wp\/v2\/media\/4026"}],"wp:attachment":[{"href":"https:\/\/xpressmeatmarket.com\/onlinemarket\/wp-json\/wp\/v2\/media?parent=3739"}],"wp:term":[{"taxonomy":"product_brand","embeddable":true,"href":"https:\/\/xpressmeatmarket.com\/onlinemarket\/wp-json\/wp\/v2\/product_brand?post=3739"},{"taxonomy":"product_cat","embeddable":true,"href":"https:\/\/xpressmeatmarket.com\/onlinemarket\/wp-json\/wp\/v2\/product_cat?post=3739"},{"taxonomy":"product_tag","embeddable":true,"href":"https:\/\/xpressmeatmarket.com\/onlinemarket\/wp-json\/wp\/v2\/product_tag?post=3739"}],"curies":[{"name":"wp","href":"https:\/\/api.w.org\/{rel}","templated":true}]}}