{"id":3744,"date":"2023-11-09T11:35:19","date_gmt":"2023-11-09T11:35:19","guid":{"rendered":"https:\/\/xpressmeatmarket.com\/onlinemarket\/product\/leite-condensado-itambe-395g\/"},"modified":"2026-01-14T14:57:16","modified_gmt":"2026-01-14T14:57:16","slug":"leite-condensado-itambe-395g","status":"publish","type":"product","link":"https:\/\/xpressmeatmarket.com\/onlinemarket\/product\/leite-condensado-itambe-395g\/","title":{"rendered":"Leite Condensado Itamb\u00e9 &#8211; 395g"},"content":{"rendered":"<p><strong>MAIS CONSISTENTE &#8211; SEM GORDURAS TRANS &#8211; N\u00c3O CONT\u00c9M GL\u00daTEN<\/strong><\/p>\n<p>Na medida certa da sua cozinha, ideal para deixar as receitas e os resultados ainda mais gostosos. O Leite Condensado Itamb\u00e9 \u00e9 perfeito para preparar sobremesas, doces, tortas e bolos. N\u00e3o importa qual \u00e9 a receita, tudo fica uma del\u00edcia com ele! Feito com leite integral, ele n\u00e3o cont\u00e9m gl\u00faten e nem gorduras trans.<\/p>\n<p><strong>Ingredientes:\u00a0<\/strong>Leite integral e\/ou leite em p\u00f3 integral reconstitu\u00eddo e\/ou permeado de leite, a\u00e7\u00facar e lactose.<\/p>\n<h2>Itamb\u00e9<\/h2>\n<p>A Itamb\u00e9 tem mais de 70 anos de hist\u00f3ria. S\u00e3o mais de 3 milh\u00f5es de litros de leite por dia e mais de 160 produtos. Est\u00e1 entre as marcas de latic\u00ednios mais escolhidas pelos consumidores brasileiros. Aproveite e compre voc\u00ea tamb\u00e9m o Leite Condensado Itamb\u00e9 aqui no\u00a0Favi Foods!<\/p>\n","protected":false},"excerpt":{"rendered":"<p>O Leite Condensado Itamb\u00e9 \u00e9 perfeito para preparar sobremesas, doces, tortas e bolos.<\/p>\n","protected":false},"featured_media":4018,"comment_status":"open","ping_status":"closed","template":"","meta":[],"product_brand":[],"product_cat":[51],"product_tag":[],"class_list":{"0":"post-3744","1":"product","2":"type-product","3":"status-publish","4":"has-post-thumbnail","6":"product_cat-mercearia","8":"first","9":"instock","10":"shipping-taxable","11":"purchasable","12":"product-type-simple"},"_links":{"self":[{"href":"https:\/\/xpressmeatmarket.com\/onlinemarket\/wp-json\/wp\/v2\/product\/3744","targetHints":{"allow":["GET"]}}],"collection":[{"href":"https:\/\/xpressmeatmarket.com\/onlinemarket\/wp-json\/wp\/v2\/product"}],"about":[{"href":"https:\/\/xpressmeatmarket.com\/onlinemarket\/wp-json\/wp\/v2\/types\/product"}],"replies":[{"embeddable":true,"href":"https:\/\/xpressmeatmarket.com\/onlinemarket\/wp-json\/wp\/v2\/comments?post=3744"}],"wp:featuredmedia":[{"embeddable":true,"href":"https:\/\/xpressmeatmarket.com\/onlinemarket\/wp-json\/wp\/v2\/media\/4018"}],"wp:attachment":[{"href":"https:\/\/xpressmeatmarket.com\/onlinemarket\/wp-json\/wp\/v2\/media?parent=3744"}],"wp:term":[{"taxonomy":"product_brand","embeddable":true,"href":"https:\/\/xpressmeatmarket.com\/onlinemarket\/wp-json\/wp\/v2\/product_brand?post=3744"},{"taxonomy":"product_cat","embeddable":true,"href":"https:\/\/xpressmeatmarket.com\/onlinemarket\/wp-json\/wp\/v2\/product_cat?post=3744"},{"taxonomy":"product_tag","embeddable":true,"href":"https:\/\/xpressmeatmarket.com\/onlinemarket\/wp-json\/wp\/v2\/product_tag?post=3744"}],"curies":[{"name":"wp","href":"https:\/\/api.w.org\/{rel}","templated":true}]}}