{"id":3755,"date":"2023-11-09T11:35:21","date_gmt":"2023-11-09T11:35:21","guid":{"rendered":"https:\/\/xpressmeatmarket.com\/onlinemarket\/product\/wafer-strawberry-bauducco-165g\/"},"modified":"2025-08-08T23:03:11","modified_gmt":"2025-08-08T23:03:11","slug":"wafer-strawberry-bauducco-165g","status":"publish","type":"product","link":"https:\/\/xpressmeatmarket.com\/onlinemarket\/product\/wafer-strawberry-bauducco-165g\/","title":{"rendered":"Biscoito Wafer Morango Bauducco &#8211; 165g"},"content":{"rendered":"<h4 id=\"tw-target-text\" class=\"tw-data-text tw-text-large tw-ta\" dir=\"ltr\" data-placeholder=\"Translation\" data-ved=\"2ahUKEwjjjcvh7umCAxUISDABHX_BBrwQ3ewLegQIBRAQ\"><span class=\"Y2IQFc\" lang=\"pt\">O Wafer Morango da Bauduco \u00e9 uma del\u00edcia que convida voc\u00ea a experimentar a combina\u00e7\u00e3o irresist\u00edvel de camadas crocantes de wafer e um delicioso recheio de morango. Estas bolachas apresentam uma deliciosa harmonia de texturas e sabores, tornando-as no lanche perfeito para qualquer momento de indulg\u00eancia.<\/span><\/h4>\n","protected":false},"excerpt":{"rendered":"<h4 id=\"tw-target-text\" class=\"tw-data-text tw-text-large tw-ta\" dir=\"ltr\" data-placeholder=\"Translation\" data-ved=\"2ahUKEwjjjcvh7umCAxUISDABHX_BBrwQ3ewLegQIBRAQ\"><span class=\"Y2IQFc\" lang=\"pt\">Este biscoito apresenta uma deliciosa harmonia de texturas e sabores<\/span><\/h4>\n","protected":false},"featured_media":4013,"comment_status":"open","ping_status":"closed","template":"","meta":[],"product_brand":[],"product_cat":[51],"product_tag":[],"class_list":{"0":"post-3755","1":"product","2":"type-product","3":"status-publish","4":"has-post-thumbnail","6":"product_cat-mercearia","8":"first","9":"instock","10":"shipping-taxable","11":"purchasable","12":"product-type-simple"},"_links":{"self":[{"href":"https:\/\/xpressmeatmarket.com\/onlinemarket\/wp-json\/wp\/v2\/product\/3755","targetHints":{"allow":["GET"]}}],"collection":[{"href":"https:\/\/xpressmeatmarket.com\/onlinemarket\/wp-json\/wp\/v2\/product"}],"about":[{"href":"https:\/\/xpressmeatmarket.com\/onlinemarket\/wp-json\/wp\/v2\/types\/product"}],"replies":[{"embeddable":true,"href":"https:\/\/xpressmeatmarket.com\/onlinemarket\/wp-json\/wp\/v2\/comments?post=3755"}],"wp:featuredmedia":[{"embeddable":true,"href":"https:\/\/xpressmeatmarket.com\/onlinemarket\/wp-json\/wp\/v2\/media\/4013"}],"wp:attachment":[{"href":"https:\/\/xpressmeatmarket.com\/onlinemarket\/wp-json\/wp\/v2\/media?parent=3755"}],"wp:term":[{"taxonomy":"product_brand","embeddable":true,"href":"https:\/\/xpressmeatmarket.com\/onlinemarket\/wp-json\/wp\/v2\/product_brand?post=3755"},{"taxonomy":"product_cat","embeddable":true,"href":"https:\/\/xpressmeatmarket.com\/onlinemarket\/wp-json\/wp\/v2\/product_cat?post=3755"},{"taxonomy":"product_tag","embeddable":true,"href":"https:\/\/xpressmeatmarket.com\/onlinemarket\/wp-json\/wp\/v2\/product_tag?post=3755"}],"curies":[{"name":"wp","href":"https:\/\/api.w.org\/{rel}","templated":true}]}}