{"id":3760,"date":"2023-11-09T11:35:22","date_gmt":"2023-11-09T11:35:22","guid":{"rendered":"https:\/\/xpressmeatmarket.com\/onlinemarket\/product\/chocolate-suflair-nestle-50-g\/"},"modified":"2025-08-08T23:02:52","modified_gmt":"2025-08-08T23:02:52","slug":"chocolate-suflair-nestle-50-g","status":"publish","type":"product","link":"https:\/\/xpressmeatmarket.com\/onlinemarket\/product\/chocolate-suflair-nestle-50-g\/","title":{"rendered":"Chocolate Suflair Nestl\u00e9 50g"},"content":{"rendered":"<p>Feito com uma receita especial e supercremosa, o <strong>Suflair 50 g<\/strong> \u00e9 daqueles que voc\u00ea coloca na boca e simplesmente espera derreter por completo, aproveitando cada peda\u00e7o.<\/p>\n<p>Al\u00e9m de contar com o Suflair 50 g, a se\u00e7\u00e3o de bomboniere do Tenda Atacado est\u00e1 sempre recheada com as melhores marcas e produtos para voc\u00ea aproveitar e levar para casa ou revender no seu com\u00e9rcio com o pre\u00e7o mais vantajoso. N\u00e3o perca a chance de economizar sem abrir m\u00e3o dos seus itens favoritos.<\/p>\n<h2>Suflair: um cl\u00e1ssico Nestl\u00e9<\/h2>\n<p>Fazendo bonito nas vitrines e nas prateleiras das melhores mercearias e docerias, a <strong>barra de chocolate Suflair<\/strong> foi lan\u00e7ada em 1981 e logo virou uma sensa\u00e7\u00e3o em todos os lugares. A fabrica\u00e7\u00e3o ocorre de um jeito cuidadoso, que garante que as bolhas de ar formem o chocolate aerado t\u00e3o conhecido.<\/p>\n<p>Pela cremosidade e pela facilidade de derreter, o Suflair 50 g \u00e9 muito usado em sobremesas, como bolos e brigadeiro. Ap\u00f3s derretido, ele rende recheios e coberturas superleves, com aspecto de mousse. Al\u00e9m disso, pode ser picado e polvilhado por cima de sorvetes e milkshakes, algo que marcas famosas de fast food fizeram e viram o sucesso.<\/p>\n","protected":false},"excerpt":{"rendered":"<p>Suflair 50 g \u00e9 daqueles que voc\u00ea coloca na boca e simplesmente espera derreter por completo<\/p>\n","protected":false},"featured_media":4007,"comment_status":"open","ping_status":"closed","template":"","meta":[],"product_brand":[],"product_cat":[36],"product_tag":[],"class_list":{"0":"post-3760","1":"product","2":"type-product","3":"status-publish","4":"has-post-thumbnail","6":"product_cat-bomboniere","8":"first","9":"instock","10":"shipping-taxable","11":"purchasable","12":"product-type-simple"},"_links":{"self":[{"href":"https:\/\/xpressmeatmarket.com\/onlinemarket\/wp-json\/wp\/v2\/product\/3760","targetHints":{"allow":["GET"]}}],"collection":[{"href":"https:\/\/xpressmeatmarket.com\/onlinemarket\/wp-json\/wp\/v2\/product"}],"about":[{"href":"https:\/\/xpressmeatmarket.com\/onlinemarket\/wp-json\/wp\/v2\/types\/product"}],"replies":[{"embeddable":true,"href":"https:\/\/xpressmeatmarket.com\/onlinemarket\/wp-json\/wp\/v2\/comments?post=3760"}],"wp:featuredmedia":[{"embeddable":true,"href":"https:\/\/xpressmeatmarket.com\/onlinemarket\/wp-json\/wp\/v2\/media\/4007"}],"wp:attachment":[{"href":"https:\/\/xpressmeatmarket.com\/onlinemarket\/wp-json\/wp\/v2\/media?parent=3760"}],"wp:term":[{"taxonomy":"product_brand","embeddable":true,"href":"https:\/\/xpressmeatmarket.com\/onlinemarket\/wp-json\/wp\/v2\/product_brand?post=3760"},{"taxonomy":"product_cat","embeddable":true,"href":"https:\/\/xpressmeatmarket.com\/onlinemarket\/wp-json\/wp\/v2\/product_cat?post=3760"},{"taxonomy":"product_tag","embeddable":true,"href":"https:\/\/xpressmeatmarket.com\/onlinemarket\/wp-json\/wp\/v2\/product_tag?post=3760"}],"curies":[{"name":"wp","href":"https:\/\/api.w.org\/{rel}","templated":true}]}}