{"id":3769,"date":"2023-11-09T11:35:24","date_gmt":"2023-11-09T11:35:24","guid":{"rendered":"https:\/\/xpressmeatmarket.com\/onlinemarket\/product\/tempero-sazon-carnes-ajinomoto-60g\/"},"modified":"2026-01-13T17:18:29","modified_gmt":"2026-01-13T17:18:29","slug":"tempero-sazon-carnes-ajinomoto-60g","status":"publish","type":"product","link":"https:\/\/xpressmeatmarket.com\/onlinemarket\/product\/tempero-sazon-carnes-ajinomoto-60g\/","title":{"rendered":"Sazon Tempero para Carnes &#8211; 60g"},"content":{"rendered":"<p>Tempero SAZ\u00d3N\u00ae \u00e9 a combina\u00e7\u00e3o ideal de temperos que real\u00e7a e complementa o sabor e a cor dos seus pratos. Cont\u00e9m ingredientes selecionados e te ajuda a preparar pratos f\u00e1ceis e r\u00e1pidos, sem perder o sabor que sua fam\u00edlia tanto elogia. SAZ\u00d3N\u00ae, seu amor \u00e9 o melhor ingrediente.<\/p>\n","protected":false},"excerpt":{"rendered":"<p>Sazon cont\u00e9m ingredientes selecionados e te ajuda a preparar pratos f\u00e1ceis e r\u00e1pidos.<\/p>\n","protected":false},"featured_media":3985,"comment_status":"open","ping_status":"closed","template":"","meta":[],"product_brand":[],"product_cat":[51],"product_tag":[],"class_list":{"0":"post-3769","1":"product","2":"type-product","3":"status-publish","4":"has-post-thumbnail","6":"product_cat-mercearia","8":"first","9":"instock","10":"shipping-taxable","11":"purchasable","12":"product-type-simple"},"_links":{"self":[{"href":"https:\/\/xpressmeatmarket.com\/onlinemarket\/wp-json\/wp\/v2\/product\/3769","targetHints":{"allow":["GET"]}}],"collection":[{"href":"https:\/\/xpressmeatmarket.com\/onlinemarket\/wp-json\/wp\/v2\/product"}],"about":[{"href":"https:\/\/xpressmeatmarket.com\/onlinemarket\/wp-json\/wp\/v2\/types\/product"}],"replies":[{"embeddable":true,"href":"https:\/\/xpressmeatmarket.com\/onlinemarket\/wp-json\/wp\/v2\/comments?post=3769"}],"wp:featuredmedia":[{"embeddable":true,"href":"https:\/\/xpressmeatmarket.com\/onlinemarket\/wp-json\/wp\/v2\/media\/3985"}],"wp:attachment":[{"href":"https:\/\/xpressmeatmarket.com\/onlinemarket\/wp-json\/wp\/v2\/media?parent=3769"}],"wp:term":[{"taxonomy":"product_brand","embeddable":true,"href":"https:\/\/xpressmeatmarket.com\/onlinemarket\/wp-json\/wp\/v2\/product_brand?post=3769"},{"taxonomy":"product_cat","embeddable":true,"href":"https:\/\/xpressmeatmarket.com\/onlinemarket\/wp-json\/wp\/v2\/product_cat?post=3769"},{"taxonomy":"product_tag","embeddable":true,"href":"https:\/\/xpressmeatmarket.com\/onlinemarket\/wp-json\/wp\/v2\/product_tag?post=3769"}],"curies":[{"name":"wp","href":"https:\/\/api.w.org\/{rel}","templated":true}]}}