{"id":3786,"date":"2023-11-09T11:35:29","date_gmt":"2023-11-09T11:35:29","guid":{"rendered":"https:\/\/xpressmeatmarket.com\/onlinemarket\/product\/cream-cracker-marilan-350g\/"},"modified":"2026-01-13T17:13:16","modified_gmt":"2026-01-13T17:13:16","slug":"cream-cracker-marilan-350g","status":"publish","type":"product","link":"https:\/\/xpressmeatmarket.com\/onlinemarket\/product\/cream-cracker-marilan-350g\/","title":{"rendered":"Biscoito Cream Cracker Manteiga &#8211; Marilan &#8211; 350g"},"content":{"rendered":"<p>Biscoito Salgado Cream Cracker Tradicional Marilan Pacote 350g<\/p>\n<p>Ingredientes: Farinha de trigo enriquecida com ferro e \u00e1cido f\u00f3lico, gordura vegetal, extrato de malte, amido, a\u00e7\u00facar, soro de leite em p\u00f3, sal, fermento qu\u00edmico bicarbonato de s\u00f3dio, emulsificante lecitina de soja e aromatizante.<\/p>\n","protected":false},"excerpt":{"rendered":"<p>Biscoito Salgado Cream Cracker Tradicional Marilan<\/p>\n","protected":false},"featured_media":3935,"comment_status":"open","ping_status":"closed","template":"","meta":[],"product_brand":[],"product_cat":[51],"product_tag":[],"class_list":{"0":"post-3786","1":"product","2":"type-product","3":"status-publish","4":"has-post-thumbnail","6":"product_cat-mercearia","8":"first","9":"instock","10":"shipping-taxable","11":"purchasable","12":"product-type-simple"},"_links":{"self":[{"href":"https:\/\/xpressmeatmarket.com\/onlinemarket\/wp-json\/wp\/v2\/product\/3786","targetHints":{"allow":["GET"]}}],"collection":[{"href":"https:\/\/xpressmeatmarket.com\/onlinemarket\/wp-json\/wp\/v2\/product"}],"about":[{"href":"https:\/\/xpressmeatmarket.com\/onlinemarket\/wp-json\/wp\/v2\/types\/product"}],"replies":[{"embeddable":true,"href":"https:\/\/xpressmeatmarket.com\/onlinemarket\/wp-json\/wp\/v2\/comments?post=3786"}],"wp:featuredmedia":[{"embeddable":true,"href":"https:\/\/xpressmeatmarket.com\/onlinemarket\/wp-json\/wp\/v2\/media\/3935"}],"wp:attachment":[{"href":"https:\/\/xpressmeatmarket.com\/onlinemarket\/wp-json\/wp\/v2\/media?parent=3786"}],"wp:term":[{"taxonomy":"product_brand","embeddable":true,"href":"https:\/\/xpressmeatmarket.com\/onlinemarket\/wp-json\/wp\/v2\/product_brand?post=3786"},{"taxonomy":"product_cat","embeddable":true,"href":"https:\/\/xpressmeatmarket.com\/onlinemarket\/wp-json\/wp\/v2\/product_cat?post=3786"},{"taxonomy":"product_tag","embeddable":true,"href":"https:\/\/xpressmeatmarket.com\/onlinemarket\/wp-json\/wp\/v2\/product_tag?post=3786"}],"curies":[{"name":"wp","href":"https:\/\/api.w.org\/{rel}","templated":true}]}}