{"id":3794,"date":"2023-11-09T11:35:31","date_gmt":"2023-11-09T11:35:31","guid":{"rendered":"https:\/\/xpressmeatmarket.com\/onlinemarket\/product\/pig-ears-orelha\/"},"modified":"2026-01-13T17:10:57","modified_gmt":"2026-01-13T17:10:57","slug":"pig-ears-orelha","status":"publish","type":"product","link":"https:\/\/xpressmeatmarket.com\/onlinemarket\/product\/pig-ears-orelha\/","title":{"rendered":"\ud83c\udde7\ud83c\uddf7 Orelha de Porco &#8211; \ud83c\uddfa\ud83c\uddf8 Pig Ear &#8211; 1.5 Pounds"},"content":{"rendered":"<p>A Orelha de Porco \u00e9 o ingrediente secreto que transformar\u00e1 sua feijoada em uma verdadeira experi\u00eancia gastron\u00f4mica. Seja no sabor marcante do caldo, no acompanhamento do arroz ou at\u00e9 mesmo degustado separadamente, esse produto traz um sabor aut\u00eantico e tradicional para sua receita.<\/p>\n<div class=\"x-text x-text-headline e228599-e16 m4wdz-r m4wdz-s m4wdz-t\">\n<div class=\"x-text-content\">\n<div class=\"x-text-content-text\">\n<p>A Embalagem Exclusiva Xpress Garante o peso de aproximadamente 1.5 Pounds de sua carne. Enviamos a sua carne em uma embalagem a v\u00e1cuo que mant\u00e9m a sua carne conservada por mais tempo, garantindo a sua sa\u00fade, cor, frescor, textura e o mais importante, uma perda m\u00ednima dos nutrientes.<\/p>\n<p>&nbsp;<\/p>\n<p>&nbsp;<\/p>\n<\/div>\n<\/div>\n<\/div>\n","protected":false},"excerpt":{"rendered":"<p>A Orelha de Porco \u00e9 o ingrediente secreto que transformar\u00e1 sua feijoada em uma verdadeira experi\u00eancia gastron\u00f4mica<\/p>\n","protected":false},"featured_media":3999,"comment_status":"open","ping_status":"closed","template":"","meta":[],"product_brand":[],"product_cat":[49],"product_tag":[],"class_list":{"0":"post-3794","1":"product","2":"type-product","3":"status-publish","4":"has-post-thumbnail","6":"product_cat-carnes","7":"wcpa_has_options","9":"first","10":"instock","11":"shipping-taxable","12":"purchasable","13":"product-type-simple"},"_links":{"self":[{"href":"https:\/\/xpressmeatmarket.com\/onlinemarket\/wp-json\/wp\/v2\/product\/3794","targetHints":{"allow":["GET"]}}],"collection":[{"href":"https:\/\/xpressmeatmarket.com\/onlinemarket\/wp-json\/wp\/v2\/product"}],"about":[{"href":"https:\/\/xpressmeatmarket.com\/onlinemarket\/wp-json\/wp\/v2\/types\/product"}],"replies":[{"embeddable":true,"href":"https:\/\/xpressmeatmarket.com\/onlinemarket\/wp-json\/wp\/v2\/comments?post=3794"}],"wp:featuredmedia":[{"embeddable":true,"href":"https:\/\/xpressmeatmarket.com\/onlinemarket\/wp-json\/wp\/v2\/media\/3999"}],"wp:attachment":[{"href":"https:\/\/xpressmeatmarket.com\/onlinemarket\/wp-json\/wp\/v2\/media?parent=3794"}],"wp:term":[{"taxonomy":"product_brand","embeddable":true,"href":"https:\/\/xpressmeatmarket.com\/onlinemarket\/wp-json\/wp\/v2\/product_brand?post=3794"},{"taxonomy":"product_cat","embeddable":true,"href":"https:\/\/xpressmeatmarket.com\/onlinemarket\/wp-json\/wp\/v2\/product_cat?post=3794"},{"taxonomy":"product_tag","embeddable":true,"href":"https:\/\/xpressmeatmarket.com\/onlinemarket\/wp-json\/wp\/v2\/product_tag?post=3794"}],"curies":[{"name":"wp","href":"https:\/\/api.w.org\/{rel}","templated":true}]}}