{"id":3804,"date":"2023-11-09T11:35:40","date_gmt":"2023-11-09T11:35:40","guid":{"rendered":"https:\/\/xpressmeatmarket.com\/onlinemarket\/product\/frog-legs-ra\/"},"modified":"2026-04-29T19:05:32","modified_gmt":"2026-04-29T19:05:32","slug":"frog-legs-ra","status":"publish","type":"product","link":"https:\/\/xpressmeatmarket.com\/onlinemarket\/product\/frog-legs-ra\/","title":{"rendered":"\ud83c\udde7\ud83c\uddf7 Perna de R\u00e3 Congelada \ud83c\uddfa\ud83c\uddf8 Frozen Frog Legs &#8211; 1.5 Pounds"},"content":{"rendered":"<p>As pernas das r\u00e3s<i>\u00a0<\/i>s\u00e3o consideradas as partes mais nobres, possuem maior volume de carne e somente o osso do femur e pernas.<\/p>\n<p>O produto \u00e9 reconhecido pelos melhores chefs de cozinha\u00a0 como um produto de alt\u00edssima qualidade. Experimente e se surpreenda, voc\u00ea tamb\u00e9m vai aprovar!<\/p>\n<p>A Embalagem Exclusiva Xpress Garante aproximadamente 1.5 Pounds de sua carne. Enviamos a sua carne em uma embalagem a v\u00e1cuo que mant\u00e9m a sua carne conservada por mais tempo, garantindo a sua sa\u00fade, cor, frescor, textura e o mais importante, uma perda m\u00ednima dos nutrientes.<\/p>\n","protected":false},"excerpt":{"rendered":"<p>As pernas das r\u00e3s<i>\u00a0<\/i>s\u00e3o consideradas as partes mais nobres,<\/p>\n","protected":false},"featured_media":3995,"comment_status":"open","ping_status":"closed","template":"","meta":[],"product_brand":[],"product_cat":[49],"product_tag":[90,89],"class_list":{"0":"post-3804","1":"product","2":"type-product","3":"status-publish","4":"has-post-thumbnail","6":"product_cat-carnes","7":"product_tag-frozen-frog-legs","8":"product_tag-perna-de-ra","9":"wcpa_has_options","11":"first","12":"instock","13":"shipping-taxable","14":"purchasable","15":"product-type-simple"},"_links":{"self":[{"href":"https:\/\/xpressmeatmarket.com\/onlinemarket\/wp-json\/wp\/v2\/product\/3804","targetHints":{"allow":["GET"]}}],"collection":[{"href":"https:\/\/xpressmeatmarket.com\/onlinemarket\/wp-json\/wp\/v2\/product"}],"about":[{"href":"https:\/\/xpressmeatmarket.com\/onlinemarket\/wp-json\/wp\/v2\/types\/product"}],"replies":[{"embeddable":true,"href":"https:\/\/xpressmeatmarket.com\/onlinemarket\/wp-json\/wp\/v2\/comments?post=3804"}],"wp:featuredmedia":[{"embeddable":true,"href":"https:\/\/xpressmeatmarket.com\/onlinemarket\/wp-json\/wp\/v2\/media\/3995"}],"wp:attachment":[{"href":"https:\/\/xpressmeatmarket.com\/onlinemarket\/wp-json\/wp\/v2\/media?parent=3804"}],"wp:term":[{"taxonomy":"product_brand","embeddable":true,"href":"https:\/\/xpressmeatmarket.com\/onlinemarket\/wp-json\/wp\/v2\/product_brand?post=3804"},{"taxonomy":"product_cat","embeddable":true,"href":"https:\/\/xpressmeatmarket.com\/onlinemarket\/wp-json\/wp\/v2\/product_cat?post=3804"},{"taxonomy":"product_tag","embeddable":true,"href":"https:\/\/xpressmeatmarket.com\/onlinemarket\/wp-json\/wp\/v2\/product_tag?post=3804"}],"curies":[{"name":"wp","href":"https:\/\/api.w.org\/{rel}","templated":true}]}}