{"id":3806,"date":"2023-11-09T11:35:41","date_gmt":"2023-11-09T11:35:41","guid":{"rendered":"https:\/\/xpressmeatmarket.com\/onlinemarket\/product\/bisc-de-polvilho-vale-douro-200g\/"},"modified":"2026-01-13T17:06:47","modified_gmt":"2026-01-13T17:06:47","slug":"bisc-de-polvilho-vale-douro-200g","status":"publish","type":"product","link":"https:\/\/xpressmeatmarket.com\/onlinemarket\/product\/bisc-de-polvilho-vale-douro-200g\/","title":{"rendered":"Biscoito de Polvilho Salgado Vale de Ouro &#8211; 200G"},"content":{"rendered":"<p>O Biscoito de Polvilho Salgado Vale D&#8217;Ouro \u00e9 um produto 100% brasileiro com sabor de bons momentos. Lembra merenda da tarde, caf\u00e9 da manh\u00e3 com a fam\u00edlia, sess\u00e3o de filme no sof\u00e1, petiscos e prosa com os amigos. Lanchinho que mata a fome no intervalo do trabalho ou no piquinique com as crian\u00e7as.<\/p>\n","protected":false},"excerpt":{"rendered":"<p>O Biscoito de Polvilho Salgado Vale D&#8217;Ouro \u00e9 um produto 100% brasileiro com sabor de bons momentos<\/p>\n","protected":false},"featured_media":3926,"comment_status":"open","ping_status":"closed","template":"","meta":[],"product_brand":[],"product_cat":[51],"product_tag":[],"class_list":{"0":"post-3806","1":"product","2":"type-product","3":"status-publish","4":"has-post-thumbnail","6":"product_cat-mercearia","8":"first","9":"instock","10":"shipping-taxable","11":"purchasable","12":"product-type-simple"},"_links":{"self":[{"href":"https:\/\/xpressmeatmarket.com\/onlinemarket\/wp-json\/wp\/v2\/product\/3806","targetHints":{"allow":["GET"]}}],"collection":[{"href":"https:\/\/xpressmeatmarket.com\/onlinemarket\/wp-json\/wp\/v2\/product"}],"about":[{"href":"https:\/\/xpressmeatmarket.com\/onlinemarket\/wp-json\/wp\/v2\/types\/product"}],"replies":[{"embeddable":true,"href":"https:\/\/xpressmeatmarket.com\/onlinemarket\/wp-json\/wp\/v2\/comments?post=3806"}],"wp:featuredmedia":[{"embeddable":true,"href":"https:\/\/xpressmeatmarket.com\/onlinemarket\/wp-json\/wp\/v2\/media\/3926"}],"wp:attachment":[{"href":"https:\/\/xpressmeatmarket.com\/onlinemarket\/wp-json\/wp\/v2\/media?parent=3806"}],"wp:term":[{"taxonomy":"product_brand","embeddable":true,"href":"https:\/\/xpressmeatmarket.com\/onlinemarket\/wp-json\/wp\/v2\/product_brand?post=3806"},{"taxonomy":"product_cat","embeddable":true,"href":"https:\/\/xpressmeatmarket.com\/onlinemarket\/wp-json\/wp\/v2\/product_cat?post=3806"},{"taxonomy":"product_tag","embeddable":true,"href":"https:\/\/xpressmeatmarket.com\/onlinemarket\/wp-json\/wp\/v2\/product_tag?post=3806"}],"curies":[{"name":"wp","href":"https:\/\/api.w.org\/{rel}","templated":true}]}}