{"id":3815,"date":"2023-11-09T11:35:46","date_gmt":"2023-11-09T11:35:46","guid":{"rendered":"https:\/\/xpressmeatmarket.com\/onlinemarket\/product\/farofa-tradicional-yoki-400g\/"},"modified":"2026-01-13T17:04:54","modified_gmt":"2026-01-13T17:04:54","slug":"farofa-tradicional-yoki-400g","status":"publish","type":"product","link":"https:\/\/xpressmeatmarket.com\/onlinemarket\/product\/farofa-tradicional-yoki-400g\/","title":{"rendered":"Farofa Tradicional Yoki &#8211; 400Gramas"},"content":{"rendered":"<p>Farofa de Mandioca Pronta Tradicional Yoki 400g: Do almo\u00e7o de segunda ao churrasco de domingo, com a Farofa Yoki qualquer receita n\u00e3o tem erro! H\u00e1 20 anos fazendo farofa, Yoki, \u00e9 a n\u00ba1 em vendas no Brasil. A verdadeira farofa feita com ingredientes cuidadosamente selecionados.<\/p>\n","protected":false},"excerpt":{"rendered":"<p>Do almo\u00e7o de segunda ao churrasco de domingo, com a Farofa Yoki qualquer receita n\u00e3o tem erro!<\/p>\n","protected":false},"featured_media":3814,"comment_status":"open","ping_status":"closed","template":"","meta":[],"product_brand":[],"product_cat":[51],"product_tag":[],"class_list":{"0":"post-3815","1":"product","2":"type-product","3":"status-publish","4":"has-post-thumbnail","6":"product_cat-mercearia","8":"first","9":"instock","10":"shipping-taxable","11":"purchasable","12":"product-type-simple"},"_links":{"self":[{"href":"https:\/\/xpressmeatmarket.com\/onlinemarket\/wp-json\/wp\/v2\/product\/3815","targetHints":{"allow":["GET"]}}],"collection":[{"href":"https:\/\/xpressmeatmarket.com\/onlinemarket\/wp-json\/wp\/v2\/product"}],"about":[{"href":"https:\/\/xpressmeatmarket.com\/onlinemarket\/wp-json\/wp\/v2\/types\/product"}],"replies":[{"embeddable":true,"href":"https:\/\/xpressmeatmarket.com\/onlinemarket\/wp-json\/wp\/v2\/comments?post=3815"}],"wp:featuredmedia":[{"embeddable":true,"href":"https:\/\/xpressmeatmarket.com\/onlinemarket\/wp-json\/wp\/v2\/media\/3814"}],"wp:attachment":[{"href":"https:\/\/xpressmeatmarket.com\/onlinemarket\/wp-json\/wp\/v2\/media?parent=3815"}],"wp:term":[{"taxonomy":"product_brand","embeddable":true,"href":"https:\/\/xpressmeatmarket.com\/onlinemarket\/wp-json\/wp\/v2\/product_brand?post=3815"},{"taxonomy":"product_cat","embeddable":true,"href":"https:\/\/xpressmeatmarket.com\/onlinemarket\/wp-json\/wp\/v2\/product_cat?post=3815"},{"taxonomy":"product_tag","embeddable":true,"href":"https:\/\/xpressmeatmarket.com\/onlinemarket\/wp-json\/wp\/v2\/product_tag?post=3815"}],"curies":[{"name":"wp","href":"https:\/\/api.w.org\/{rel}","templated":true}]}}