{"id":3819,"date":"2023-11-09T11:35:50","date_gmt":"2023-11-09T11:35:50","guid":{"rendered":"https:\/\/xpressmeatmarket.com\/onlinemarket\/product\/linguia-temperada-c-pimenta-biquinho\/"},"modified":"2025-09-16T16:37:23","modified_gmt":"2025-09-16T16:37:23","slug":"linguia-temperada-c-pimenta-biquinho","status":"publish","type":"product","link":"https:\/\/xpressmeatmarket.com\/onlinemarket\/product\/linguia-temperada-c-pimenta-biquinho\/","title":{"rendered":"Lingui\u00e7a Temperada com Pimenta Biquinho &#8211; Embalagem com 3 Pounds"},"content":{"rendered":"<p>Essa lingui\u00e7a exclusiva do Xpress Meat Market voc\u00ea ter\u00e1 um produto de alt\u00edssima qualidade, a Lingui\u00e7a Temperada com pimenta biquinho tem um sabor inconfund\u00edvel. \u00c9 ideal para variar no churrasco e tamb\u00e9m fica uma del\u00edcia frita ou assada, servida como prato principal ou acompanhamento.<\/p>\n<p>A Embalagem Exclusiva Xpress Garante de 2.8 a 3 Pounds de sua carne. Enviamos a sua carne em uma embalagem a v\u00e1cuo que mant\u00e9m a sua carne conservada por mais tempo, garantindo a sua sa\u00fade, cor, frescor, textura e o mais importante, uma perda m\u00ednima dos nutrientes.<\/p>\n<p>&nbsp;<\/p>\n<p>&nbsp;<\/p>\n","protected":false},"excerpt":{"rendered":"<p>Lingui\u00e7a Temperada com pimenta biquinho tem um sabor inconfund\u00edvel<\/p>\n","protected":false},"featured_media":3818,"comment_status":"open","ping_status":"closed","template":"","meta":[],"product_brand":[],"product_cat":[55],"product_tag":[],"class_list":{"0":"post-3819","1":"product","2":"type-product","3":"status-publish","4":"has-post-thumbnail","6":"product_cat-linguicas-xpress","8":"first","9":"instock","10":"shipping-taxable","11":"purchasable","12":"product-type-simple"},"_links":{"self":[{"href":"https:\/\/xpressmeatmarket.com\/onlinemarket\/wp-json\/wp\/v2\/product\/3819","targetHints":{"allow":["GET"]}}],"collection":[{"href":"https:\/\/xpressmeatmarket.com\/onlinemarket\/wp-json\/wp\/v2\/product"}],"about":[{"href":"https:\/\/xpressmeatmarket.com\/onlinemarket\/wp-json\/wp\/v2\/types\/product"}],"replies":[{"embeddable":true,"href":"https:\/\/xpressmeatmarket.com\/onlinemarket\/wp-json\/wp\/v2\/comments?post=3819"}],"wp:featuredmedia":[{"embeddable":true,"href":"https:\/\/xpressmeatmarket.com\/onlinemarket\/wp-json\/wp\/v2\/media\/3818"}],"wp:attachment":[{"href":"https:\/\/xpressmeatmarket.com\/onlinemarket\/wp-json\/wp\/v2\/media?parent=3819"}],"wp:term":[{"taxonomy":"product_brand","embeddable":true,"href":"https:\/\/xpressmeatmarket.com\/onlinemarket\/wp-json\/wp\/v2\/product_brand?post=3819"},{"taxonomy":"product_cat","embeddable":true,"href":"https:\/\/xpressmeatmarket.com\/onlinemarket\/wp-json\/wp\/v2\/product_cat?post=3819"},{"taxonomy":"product_tag","embeddable":true,"href":"https:\/\/xpressmeatmarket.com\/onlinemarket\/wp-json\/wp\/v2\/product_tag?post=3819"}],"curies":[{"name":"wp","href":"https:\/\/api.w.org\/{rel}","templated":true}]}}