{"id":3824,"date":"2023-11-09T11:35:53","date_gmt":"2023-11-09T11:35:53","guid":{"rendered":"https:\/\/xpressmeatmarket.com\/onlinemarket\/product\/creme-de-leite-itambe-300g\/"},"modified":"2026-01-13T17:00:16","modified_gmt":"2026-01-13T17:00:16","slug":"creme-de-leite-itambe-300g","status":"publish","type":"product","link":"https:\/\/xpressmeatmarket.com\/onlinemarket\/product\/creme-de-leite-itambe-300g\/","title":{"rendered":"Creme de Leite Itamb\u00e9 &#8211; 300 gramas"},"content":{"rendered":"<p>O Creme de Leite Itamb\u00e9 \u00e9 indispens\u00e1vel na sua dispensa. \u00c9 um creme de leite leve, com \u00f3tima consist\u00eancia para dar sabor e textura a diversas receitas, como caldas, recheios e coberturas. Tamb\u00e9m \u00e9 \u00f3timo para acompanhar frutas frescas e em calda, bem como receitas salgadas como strogonoff e molhos diversos. Uma op\u00e7\u00e3o muito mais leve e pr\u00e1tica, para deixar as suas receitas ainda mais saborosas e cremosas.<\/p>\n","protected":false},"excerpt":{"rendered":"<p>\u00c9 um creme de leite leve, com \u00f3tima consist\u00eancia para dar sabor e textura a diversas receitas<\/p>\n","protected":false},"featured_media":3823,"comment_status":"open","ping_status":"closed","template":"","meta":[],"product_brand":[],"product_cat":[51],"product_tag":[],"class_list":{"0":"post-3824","1":"product","2":"type-product","3":"status-publish","4":"has-post-thumbnail","6":"product_cat-mercearia","8":"first","9":"instock","10":"shipping-taxable","11":"purchasable","12":"product-type-simple"},"_links":{"self":[{"href":"https:\/\/xpressmeatmarket.com\/onlinemarket\/wp-json\/wp\/v2\/product\/3824","targetHints":{"allow":["GET"]}}],"collection":[{"href":"https:\/\/xpressmeatmarket.com\/onlinemarket\/wp-json\/wp\/v2\/product"}],"about":[{"href":"https:\/\/xpressmeatmarket.com\/onlinemarket\/wp-json\/wp\/v2\/types\/product"}],"replies":[{"embeddable":true,"href":"https:\/\/xpressmeatmarket.com\/onlinemarket\/wp-json\/wp\/v2\/comments?post=3824"}],"wp:featuredmedia":[{"embeddable":true,"href":"https:\/\/xpressmeatmarket.com\/onlinemarket\/wp-json\/wp\/v2\/media\/3823"}],"wp:attachment":[{"href":"https:\/\/xpressmeatmarket.com\/onlinemarket\/wp-json\/wp\/v2\/media?parent=3824"}],"wp:term":[{"taxonomy":"product_brand","embeddable":true,"href":"https:\/\/xpressmeatmarket.com\/onlinemarket\/wp-json\/wp\/v2\/product_brand?post=3824"},{"taxonomy":"product_cat","embeddable":true,"href":"https:\/\/xpressmeatmarket.com\/onlinemarket\/wp-json\/wp\/v2\/product_cat?post=3824"},{"taxonomy":"product_tag","embeddable":true,"href":"https:\/\/xpressmeatmarket.com\/onlinemarket\/wp-json\/wp\/v2\/product_tag?post=3824"}],"curies":[{"name":"wp","href":"https:\/\/api.w.org\/{rel}","templated":true}]}}