{"id":3842,"date":"2023-11-09T11:36:31","date_gmt":"2023-11-09T11:36:31","guid":{"rendered":"https:\/\/xpressmeatmarket.com\/onlinemarket\/product\/adobo-seasoning-without-pepper-goya-793g\/"},"modified":"2026-01-13T16:49:39","modified_gmt":"2026-01-13T16:49:39","slug":"adobo-seasoning-without-pepper-goya-793g","status":"publish","type":"product","link":"https:\/\/xpressmeatmarket.com\/onlinemarket\/product\/adobo-seasoning-without-pepper-goya-793g\/","title":{"rendered":"Tempero Multiuso Adobo Goya sem Pimenta &#8211;  Embalagem com 793 gramas"},"content":{"rendered":"<h4 id=\"tw-target-text\" class=\"tw-data-text tw-text-large tw-ta\" dir=\"ltr\" data-placeholder=\"Translation\" data-ved=\"2ahUKEwi4qe_PuNWCAxXFTTABHXKcC9oQ3ewLegQIBRAQ\"><span class=\"Y2IQFc\" lang=\"pt\">D\u00ea o melhor sabor \u00e0s suas refei\u00e7\u00f5es com uma simples pitada de Tempero Multiuso GOYA\u00ae Adobo sem Pimenta. \u00c9 a mistura perfeita de especiarias latinas, tornando-o um ingrediente ideal para refei\u00e7\u00f5es de vegetais, carne bovina, frango ou frutos do mar. <\/span><\/h4>\n<h4>Embalagem com 793 gramas<\/h4>\n","protected":false},"excerpt":{"rendered":"<h4 id=\"tw-target-text\" class=\"tw-data-text tw-text-large tw-ta\" dir=\"ltr\" data-placeholder=\"Translation\" data-ved=\"2ahUKEwi4qe_PuNWCAxXFTTABHXKcC9oQ3ewLegQIBRAQ\"><span class=\"Y2IQFc\" lang=\"pt\">D\u00ea o melhor sabor \u00e0s suas refei\u00e7\u00f5es com uma simples pitada de Tempero Multiuso GOYA\u00ae Adobo sem Pimenta.<\/span><\/h4>\n","protected":false},"featured_media":3884,"comment_status":"open","ping_status":"closed","template":"","meta":[],"product_brand":[],"product_cat":[51],"product_tag":[],"class_list":{"0":"post-3842","1":"product","2":"type-product","3":"status-publish","4":"has-post-thumbnail","6":"product_cat-mercearia","8":"first","9":"instock","10":"shipping-taxable","11":"purchasable","12":"product-type-simple"},"_links":{"self":[{"href":"https:\/\/xpressmeatmarket.com\/onlinemarket\/wp-json\/wp\/v2\/product\/3842","targetHints":{"allow":["GET"]}}],"collection":[{"href":"https:\/\/xpressmeatmarket.com\/onlinemarket\/wp-json\/wp\/v2\/product"}],"about":[{"href":"https:\/\/xpressmeatmarket.com\/onlinemarket\/wp-json\/wp\/v2\/types\/product"}],"replies":[{"embeddable":true,"href":"https:\/\/xpressmeatmarket.com\/onlinemarket\/wp-json\/wp\/v2\/comments?post=3842"}],"wp:featuredmedia":[{"embeddable":true,"href":"https:\/\/xpressmeatmarket.com\/onlinemarket\/wp-json\/wp\/v2\/media\/3884"}],"wp:attachment":[{"href":"https:\/\/xpressmeatmarket.com\/onlinemarket\/wp-json\/wp\/v2\/media?parent=3842"}],"wp:term":[{"taxonomy":"product_brand","embeddable":true,"href":"https:\/\/xpressmeatmarket.com\/onlinemarket\/wp-json\/wp\/v2\/product_brand?post=3842"},{"taxonomy":"product_cat","embeddable":true,"href":"https:\/\/xpressmeatmarket.com\/onlinemarket\/wp-json\/wp\/v2\/product_cat?post=3842"},{"taxonomy":"product_tag","embeddable":true,"href":"https:\/\/xpressmeatmarket.com\/onlinemarket\/wp-json\/wp\/v2\/product_tag?post=3842"}],"curies":[{"name":"wp","href":"https:\/\/api.w.org\/{rel}","templated":true}]}}