{"id":3844,"date":"2023-11-09T11:36:36","date_gmt":"2023-11-09T11:36:36","guid":{"rendered":"https:\/\/xpressmeatmarket.com\/onlinemarket\/product\/choc-toddynho-200ml\/"},"modified":"2026-01-13T16:48:17","modified_gmt":"2026-01-13T16:48:17","slug":"choc-toddynho-200ml","status":"publish","type":"product","link":"https:\/\/xpressmeatmarket.com\/onlinemarket\/product\/choc-toddynho-200ml\/","title":{"rendered":"Achocolatado Toddynho 200ml &#8211; Pepsico"},"content":{"rendered":"<p>Toddynho \u00e9 o achocolatado Em Caixinha, Com Aquele Gostinho De Chocolate Que As Crian\u00e7as Adoram. Al\u00e9m De Nutritivo E Divertido, Toddynho Vem Prontinho Para Beber! A Embalagem \u00c9 T\u00e3o Pr\u00e1tica Que Voc\u00ea Pode Levar Para Qualquer Lugar.bebida L\u00e1ctea Uht Sabor Chocolate.<\/p>\n<p>O Pre\u00e7o Refere-se ao valor unit\u00e1rio.<\/p>\n","protected":false},"excerpt":{"rendered":"<p>Toddynho \u00e9 o achocolatado Em Caixinha, Com Aquele Gostinho De Chocolate Que As Crian\u00e7as Adoram.<\/p>\n","protected":false},"featured_media":3843,"comment_status":"open","ping_status":"closed","template":"","meta":[],"product_brand":[],"product_cat":[26],"product_tag":[],"class_list":{"0":"post-3844","1":"product","2":"type-product","3":"status-publish","4":"has-post-thumbnail","6":"product_cat-bebidas","8":"first","9":"instock","10":"shipping-taxable","11":"purchasable","12":"product-type-simple"},"_links":{"self":[{"href":"https:\/\/xpressmeatmarket.com\/onlinemarket\/wp-json\/wp\/v2\/product\/3844","targetHints":{"allow":["GET"]}}],"collection":[{"href":"https:\/\/xpressmeatmarket.com\/onlinemarket\/wp-json\/wp\/v2\/product"}],"about":[{"href":"https:\/\/xpressmeatmarket.com\/onlinemarket\/wp-json\/wp\/v2\/types\/product"}],"replies":[{"embeddable":true,"href":"https:\/\/xpressmeatmarket.com\/onlinemarket\/wp-json\/wp\/v2\/comments?post=3844"}],"wp:featuredmedia":[{"embeddable":true,"href":"https:\/\/xpressmeatmarket.com\/onlinemarket\/wp-json\/wp\/v2\/media\/3843"}],"wp:attachment":[{"href":"https:\/\/xpressmeatmarket.com\/onlinemarket\/wp-json\/wp\/v2\/media?parent=3844"}],"wp:term":[{"taxonomy":"product_brand","embeddable":true,"href":"https:\/\/xpressmeatmarket.com\/onlinemarket\/wp-json\/wp\/v2\/product_brand?post=3844"},{"taxonomy":"product_cat","embeddable":true,"href":"https:\/\/xpressmeatmarket.com\/onlinemarket\/wp-json\/wp\/v2\/product_cat?post=3844"},{"taxonomy":"product_tag","embeddable":true,"href":"https:\/\/xpressmeatmarket.com\/onlinemarket\/wp-json\/wp\/v2\/product_tag?post=3844"}],"curies":[{"name":"wp","href":"https:\/\/api.w.org\/{rel}","templated":true}]}}