{"id":3848,"date":"2023-11-09T11:36:38","date_gmt":"2023-11-09T11:36:38","guid":{"rendered":"https:\/\/xpressmeatmarket.com\/onlinemarket\/product\/chuck-flap-costela-sem-osso\/"},"modified":"2026-01-13T15:53:27","modified_gmt":"2026-01-13T15:53:27","slug":"chuck-flap-costela-sem-osso","status":"publish","type":"product","link":"https:\/\/xpressmeatmarket.com\/onlinemarket\/product\/chuck-flap-costela-sem-osso\/","title":{"rendered":"\ud83c\udde7\ud83c\uddf7 Costela Sem Osso &#8211; \ud83c\uddfa\ud83c\uddf8 Chuck Flap &#8211; 3 Pounds"},"content":{"rendered":"<p>A costela desossada \u00e9 uma carne excelente para o preparo lento, tanto na churrasqueira como no forno e atende bem 4 pessoas. Para simplificar, ela deve ser enrolada no papel celofane com intuito de manter o calor e umidade da pe\u00e7a. O preparo deve ser realizado com calma, na parte alta da brasa ou forno a 160 graus durante 3 a 4 horas.<\/p>\n<p>A Embalagem Exclusiva Xpress Garante o peso de aproximadamente 3 Pounds de sua carne. Enviamos a sua carne em uma embalagem a v\u00e1cuo que mant\u00e9m a sua carne conservada por mais tempo, garantindo a sua sa\u00fade, cor, frescor, textura e o mais importante, uma perda m\u00ednima dos nutrientes.<\/p>\n<p>&nbsp;<\/p>\n<p>&nbsp;<\/p>\n","protected":false},"excerpt":{"rendered":"<p>A costela desossada \u00e9 uma carne excelente para o preparo lento, tanto na churrasqueira como no forno e atende bem 4 pessoas.<\/p>\n","protected":false},"featured_media":3847,"comment_status":"open","ping_status":"closed","template":"","meta":[],"product_brand":[],"product_cat":[49],"product_tag":[],"class_list":{"0":"post-3848","1":"product","2":"type-product","3":"status-publish","4":"has-post-thumbnail","6":"product_cat-carnes","7":"wcpa_has_options","9":"first","10":"instock","11":"shipping-taxable","12":"purchasable","13":"product-type-simple"},"_links":{"self":[{"href":"https:\/\/xpressmeatmarket.com\/onlinemarket\/wp-json\/wp\/v2\/product\/3848","targetHints":{"allow":["GET"]}}],"collection":[{"href":"https:\/\/xpressmeatmarket.com\/onlinemarket\/wp-json\/wp\/v2\/product"}],"about":[{"href":"https:\/\/xpressmeatmarket.com\/onlinemarket\/wp-json\/wp\/v2\/types\/product"}],"replies":[{"embeddable":true,"href":"https:\/\/xpressmeatmarket.com\/onlinemarket\/wp-json\/wp\/v2\/comments?post=3848"}],"wp:featuredmedia":[{"embeddable":true,"href":"https:\/\/xpressmeatmarket.com\/onlinemarket\/wp-json\/wp\/v2\/media\/3847"}],"wp:attachment":[{"href":"https:\/\/xpressmeatmarket.com\/onlinemarket\/wp-json\/wp\/v2\/media?parent=3848"}],"wp:term":[{"taxonomy":"product_brand","embeddable":true,"href":"https:\/\/xpressmeatmarket.com\/onlinemarket\/wp-json\/wp\/v2\/product_brand?post=3848"},{"taxonomy":"product_cat","embeddable":true,"href":"https:\/\/xpressmeatmarket.com\/onlinemarket\/wp-json\/wp\/v2\/product_cat?post=3848"},{"taxonomy":"product_tag","embeddable":true,"href":"https:\/\/xpressmeatmarket.com\/onlinemarket\/wp-json\/wp\/v2\/product_tag?post=3848"}],"curies":[{"name":"wp","href":"https:\/\/api.w.org\/{rel}","templated":true}]}}