{"id":3854,"date":"2023-11-09T11:36:42","date_gmt":"2023-11-09T11:36:42","guid":{"rendered":"https:\/\/xpressmeatmarket.com\/onlinemarket\/product\/flap-meat-fraldinha\/"},"modified":"2026-01-13T15:51:52","modified_gmt":"2026-01-13T15:51:52","slug":"flap-meat-fraldinha","status":"publish","type":"product","link":"https:\/\/xpressmeatmarket.com\/onlinemarket\/product\/flap-meat-fraldinha\/","title":{"rendered":"\ud83c\udde7\ud83c\uddf7 Fraldinha &#8211; \ud83c\uddfa\ud83c\uddf8 Flap Meat &#8211; 3 Pounds"},"content":{"rendered":"<p>Com uma textura inconfund\u00edvel, caracter\u00edstica capa de gordura em uma das extremidades e um sabor marcante, a Fraldinha \u00e9 um corte muito vers\u00e1til e saboroso. A fraldinha bovina possui uma capa de gordura que garante um sabor marcante, ela pode ser preparada no forno em ocasi\u00f5es especiais, mas tamb\u00e9m \u00e9 ideal para diferentes tipos de churrasco.<\/p>\n<p>A Embalagem Exclusiva Xpress Garante o peso de aproximadamente 3 Pounds de sua carne. Enviamos a sua carne em uma embalagem a v\u00e1cuo que mant\u00e9m a sua carne conservada por mais tempo, garantindo a sua sa\u00fade, cor, frescor, textura e o mais importante, uma perda m\u00ednima dos nutrientes.<\/p>\n<p>&nbsp;<\/p>\n","protected":false},"excerpt":{"rendered":"<p>Com uma textura inconfund\u00edvel, caracter\u00edstica capa de gordura em uma das extremidades e um sabor marcante. Pre\u00e7o referente a 3 Pounds<\/p>\n","protected":false},"featured_media":3853,"comment_status":"open","ping_status":"closed","template":"","meta":[],"product_brand":[],"product_cat":[49],"product_tag":[],"class_list":{"0":"post-3854","1":"product","2":"type-product","3":"status-publish","4":"has-post-thumbnail","6":"product_cat-carnes","7":"wcpa_has_options","9":"first","10":"instock","11":"shipping-taxable","12":"purchasable","13":"product-type-simple"},"_links":{"self":[{"href":"https:\/\/xpressmeatmarket.com\/onlinemarket\/wp-json\/wp\/v2\/product\/3854","targetHints":{"allow":["GET"]}}],"collection":[{"href":"https:\/\/xpressmeatmarket.com\/onlinemarket\/wp-json\/wp\/v2\/product"}],"about":[{"href":"https:\/\/xpressmeatmarket.com\/onlinemarket\/wp-json\/wp\/v2\/types\/product"}],"replies":[{"embeddable":true,"href":"https:\/\/xpressmeatmarket.com\/onlinemarket\/wp-json\/wp\/v2\/comments?post=3854"}],"wp:featuredmedia":[{"embeddable":true,"href":"https:\/\/xpressmeatmarket.com\/onlinemarket\/wp-json\/wp\/v2\/media\/3853"}],"wp:attachment":[{"href":"https:\/\/xpressmeatmarket.com\/onlinemarket\/wp-json\/wp\/v2\/media?parent=3854"}],"wp:term":[{"taxonomy":"product_brand","embeddable":true,"href":"https:\/\/xpressmeatmarket.com\/onlinemarket\/wp-json\/wp\/v2\/product_brand?post=3854"},{"taxonomy":"product_cat","embeddable":true,"href":"https:\/\/xpressmeatmarket.com\/onlinemarket\/wp-json\/wp\/v2\/product_cat?post=3854"},{"taxonomy":"product_tag","embeddable":true,"href":"https:\/\/xpressmeatmarket.com\/onlinemarket\/wp-json\/wp\/v2\/product_tag?post=3854"}],"curies":[{"name":"wp","href":"https:\/\/api.w.org\/{rel}","templated":true}]}}