{"id":3864,"date":"2023-11-09T11:37:20","date_gmt":"2023-11-09T11:37:20","guid":{"rendered":"https:\/\/xpressmeatmarket.com\/onlinemarket\/product\/picanha-prime\/"},"modified":"2026-01-13T15:46:26","modified_gmt":"2026-01-13T15:46:26","slug":"picanha-prime","status":"publish","type":"product","link":"https:\/\/xpressmeatmarket.com\/onlinemarket\/product\/picanha-prime\/","title":{"rendered":"\ud83c\udde7\ud83c\uddf7 \ud83c\uddfa\ud83c\uddf8Picanha Prime &#8211; Embalagem com Pe\u00e7a Inteira 3 Pounds"},"content":{"rendered":"<p>Corte macio, marmorizado e com capa de gordura. Tem sabor acentuado, sendo o corte \u201cpreferido\u201d dos brasileiros. \u00c9 de f\u00e1cil preparo e muito suculenta, pr\u00f3pria para churrascos, podendo ser assada inteira ou em tiras, no espeto ou na grelha. \u00c9 importante prepar\u00e1-la com a capa de gordura para que o sabor e maciez fiquem mais acentuados, podendo retir\u00e1-la na hora do consumo.<\/p>\n<p>A Embalagem Exclusiva Xpress Garante o peso de aproximadamente 3 Pounds de sua carne. Enviamos a sua carne em uma embalagem a v\u00e1cuo que mant\u00e9m a sua carne conservada por mais tempo, garantindo a sua sa\u00fade, cor, frescor, textura e o mais importante, uma perda m\u00ednima dos nutrientes.<\/p>\n<p>&nbsp;<\/p>\n","protected":false},"excerpt":{"rendered":"<p>Corte macio, marmorizado e com capa de gordura. Tem sabor acentuado, sendo o corte \u201cpreferido\u201d dos brasileiros.<\/p>\n","protected":false},"featured_media":3863,"comment_status":"open","ping_status":"closed","template":"","meta":[],"product_brand":[],"product_cat":[49],"product_tag":[],"class_list":{"0":"post-3864","1":"product","2":"type-product","3":"status-publish","4":"has-post-thumbnail","6":"product_cat-carnes","7":"wcpa_has_options","9":"first","10":"instock","11":"shipping-taxable","12":"purchasable","13":"product-type-simple"},"_links":{"self":[{"href":"https:\/\/xpressmeatmarket.com\/onlinemarket\/wp-json\/wp\/v2\/product\/3864","targetHints":{"allow":["GET"]}}],"collection":[{"href":"https:\/\/xpressmeatmarket.com\/onlinemarket\/wp-json\/wp\/v2\/product"}],"about":[{"href":"https:\/\/xpressmeatmarket.com\/onlinemarket\/wp-json\/wp\/v2\/types\/product"}],"replies":[{"embeddable":true,"href":"https:\/\/xpressmeatmarket.com\/onlinemarket\/wp-json\/wp\/v2\/comments?post=3864"}],"wp:featuredmedia":[{"embeddable":true,"href":"https:\/\/xpressmeatmarket.com\/onlinemarket\/wp-json\/wp\/v2\/media\/3863"}],"wp:attachment":[{"href":"https:\/\/xpressmeatmarket.com\/onlinemarket\/wp-json\/wp\/v2\/media?parent=3864"}],"wp:term":[{"taxonomy":"product_brand","embeddable":true,"href":"https:\/\/xpressmeatmarket.com\/onlinemarket\/wp-json\/wp\/v2\/product_brand?post=3864"},{"taxonomy":"product_cat","embeddable":true,"href":"https:\/\/xpressmeatmarket.com\/onlinemarket\/wp-json\/wp\/v2\/product_cat?post=3864"},{"taxonomy":"product_tag","embeddable":true,"href":"https:\/\/xpressmeatmarket.com\/onlinemarket\/wp-json\/wp\/v2\/product_tag?post=3864"}],"curies":[{"name":"wp","href":"https:\/\/api.w.org\/{rel}","templated":true}]}}