{"id":4280,"date":"2024-01-04T19:28:02","date_gmt":"2024-01-04T19:28:02","guid":{"rendered":"https:\/\/xpressmeatmarket.com\/onlinemarket\/?post_type=product&#038;p=4280"},"modified":"2025-08-05T19:41:59","modified_gmt":"2025-08-05T19:41:59","slug":"%f0%9f%87%a7%f0%9f%87%b7-sal-temperado-xpress-picante-%f0%9f%87%ba%f0%9f%87%b8-seasoning-salt-xpress-pepper-1-pound-copia","status":"publish","type":"product","link":"https:\/\/xpressmeatmarket.com\/onlinemarket\/product\/%f0%9f%87%a7%f0%9f%87%b7-sal-temperado-xpress-picante-%f0%9f%87%ba%f0%9f%87%b8-seasoning-salt-xpress-pepper-1-pound-copia\/","title":{"rendered":"\ud83c\udde7\ud83c\uddf7 Sal Temperado Xpress Picante &#8211; \ud83c\uddfa\ud83c\uddf8 Seasoning Salt Xpress Pepper &#8211; 1 Pound (c\u00f3pia)"},"content":{"rendered":"<p>O Sal temperado Xpress \u00e9 o toque especial para o seu churrasco. O tempero a base de sal marinho, especial para carnes, frangos ou porco. tempera de forma uniforme com o aroma e o sabor dos condimentos em sua composi\u00e7\u00e3o, trazendo \u00e0 sua mesa a sensa\u00e7\u00e3o de apreciar uma bela carne.<\/p>\n<p>&nbsp;<\/p>\n","protected":false},"excerpt":{"rendered":"<p>O tempero a base de sal marinho, especial para carnes, frangos ou porco<\/p>\n","protected":false},"featured_media":4312,"comment_status":"open","ping_status":"closed","template":"","meta":[],"product_brand":[],"product_cat":[17],"product_tag":[],"class_list":{"0":"post-4280","1":"product","2":"type-product","3":"status-publish","4":"has-post-thumbnail","6":"product_cat-exclusive-xpress-meat-market","8":"first","9":"instock","10":"shipping-taxable","11":"purchasable","12":"product-type-simple"},"_links":{"self":[{"href":"https:\/\/xpressmeatmarket.com\/onlinemarket\/wp-json\/wp\/v2\/product\/4280","targetHints":{"allow":["GET"]}}],"collection":[{"href":"https:\/\/xpressmeatmarket.com\/onlinemarket\/wp-json\/wp\/v2\/product"}],"about":[{"href":"https:\/\/xpressmeatmarket.com\/onlinemarket\/wp-json\/wp\/v2\/types\/product"}],"replies":[{"embeddable":true,"href":"https:\/\/xpressmeatmarket.com\/onlinemarket\/wp-json\/wp\/v2\/comments?post=4280"}],"wp:featuredmedia":[{"embeddable":true,"href":"https:\/\/xpressmeatmarket.com\/onlinemarket\/wp-json\/wp\/v2\/media\/4312"}],"wp:attachment":[{"href":"https:\/\/xpressmeatmarket.com\/onlinemarket\/wp-json\/wp\/v2\/media?parent=4280"}],"wp:term":[{"taxonomy":"product_brand","embeddable":true,"href":"https:\/\/xpressmeatmarket.com\/onlinemarket\/wp-json\/wp\/v2\/product_brand?post=4280"},{"taxonomy":"product_cat","embeddable":true,"href":"https:\/\/xpressmeatmarket.com\/onlinemarket\/wp-json\/wp\/v2\/product_cat?post=4280"},{"taxonomy":"product_tag","embeddable":true,"href":"https:\/\/xpressmeatmarket.com\/onlinemarket\/wp-json\/wp\/v2\/product_tag?post=4280"}],"curies":[{"name":"wp","href":"https:\/\/api.w.org\/{rel}","templated":true}]}}