{"id":48,"date":"2021-10-27T16:35:32","date_gmt":"2021-10-27T16:35:32","guid":{"rendered":"https:\/\/xpressmeatmarket.com\/onlinemarket\/?post_type=product&#038;p=48"},"modified":"2024-05-17T11:41:12","modified_gmt":"2024-05-17T11:41:12","slug":"charcoal","status":"publish","type":"product","link":"https:\/\/xpressmeatmarket.com\/onlinemarket\/product\/charcoal\/","title":{"rendered":"Carv\u00e3o Vermelho Xpress &#8211; 8Kg"},"content":{"rendered":"<div dir=\"auto\">O Carv\u00e3o Vermelho Xpress \u00e9 feito da Ac\u00e1cia Negra que \u00e9 uma \u00e1rvore australiana que se adaptou ao Brasil. Esta \u00e1rvore \u00e9 uma leguminosa pioneira, muito r\u00fastica, de r\u00e1pido crescimento e fixadora de nitrog\u00e9nio no solo.<\/div>\n<div dir=\"auto\"><\/div>\n<div dir=\"auto\">As Vantagens no seu Churrasco\/BBQ!? O Carv\u00e3o Xpress garante no seu churrasco um alto poder de calor, com menos fuma\u00e7a e sem deixar sabor na sua carne.<\/div>\n<div dir=\"auto\"><\/div>\n","protected":false},"excerpt":{"rendered":"<p>As Vantagens no seu Churrasco\/BBQ!? O Carv\u00e3o Xpress garante no seu churrasco um alto poder de calor, com menos fuma\u00e7a e sem deixar sabor na sua carne.<\/p>\n","protected":false},"featured_media":59,"comment_status":"open","ping_status":"closed","template":"","meta":[],"product_brand":[],"product_cat":[17],"product_tag":[],"class_list":{"0":"post-48","1":"product","2":"type-product","3":"status-publish","4":"has-post-thumbnail","6":"product_cat-exclusive-xpress-meat-market","8":"first","9":"instock","10":"sale","11":"shipping-taxable","12":"purchasable","13":"product-type-simple"},"_links":{"self":[{"href":"https:\/\/xpressmeatmarket.com\/onlinemarket\/wp-json\/wp\/v2\/product\/48","targetHints":{"allow":["GET"]}}],"collection":[{"href":"https:\/\/xpressmeatmarket.com\/onlinemarket\/wp-json\/wp\/v2\/product"}],"about":[{"href":"https:\/\/xpressmeatmarket.com\/onlinemarket\/wp-json\/wp\/v2\/types\/product"}],"replies":[{"embeddable":true,"href":"https:\/\/xpressmeatmarket.com\/onlinemarket\/wp-json\/wp\/v2\/comments?post=48"}],"wp:featuredmedia":[{"embeddable":true,"href":"https:\/\/xpressmeatmarket.com\/onlinemarket\/wp-json\/wp\/v2\/media\/59"}],"wp:attachment":[{"href":"https:\/\/xpressmeatmarket.com\/onlinemarket\/wp-json\/wp\/v2\/media?parent=48"}],"wp:term":[{"taxonomy":"product_brand","embeddable":true,"href":"https:\/\/xpressmeatmarket.com\/onlinemarket\/wp-json\/wp\/v2\/product_brand?post=48"},{"taxonomy":"product_cat","embeddable":true,"href":"https:\/\/xpressmeatmarket.com\/onlinemarket\/wp-json\/wp\/v2\/product_cat?post=48"},{"taxonomy":"product_tag","embeddable":true,"href":"https:\/\/xpressmeatmarket.com\/onlinemarket\/wp-json\/wp\/v2\/product_tag?post=48"}],"curies":[{"name":"wp","href":"https:\/\/api.w.org\/{rel}","templated":true}]}}