{"id":50,"date":"2021-10-27T16:36:30","date_gmt":"2021-10-27T16:36:30","guid":{"rendered":"https:\/\/xpressmeatmarket.com\/onlinemarket\/?post_type=product&#038;p=50"},"modified":"2024-05-17T11:40:54","modified_gmt":"2024-05-17T11:40:54","slug":"charcoal-briquettes","status":"publish","type":"product","link":"https:\/\/xpressmeatmarket.com\/onlinemarket\/product\/charcoal-briquettes\/","title":{"rendered":"Briquete de Carv\u00e3o Xpress &#8211; 8kg"},"content":{"rendered":"<p>Carv\u00e3o vegetal Xpress Briquete de reflorestamento de Ac\u00e1cia Negra em pacote de 8 kg e qualidade Premium da marca Xpress, de Fort Myers. Ideal para todos os tipos de defumadores, Smokers ou churrasqueiras pequenas, fechadas e com tampa. A brasa do carv\u00e3o briquete \u00e9 uma brasa super quente e est\u00e1vel, por\u00e9m sem grande &#8220;alcance&#8221; quando comparado como carv\u00e3o normal e por isso n\u00e3o recomendamos o briquete para pitsmokers nem para parrillas ou churrasqueiras tradicionais, e sim para os equipamentos especificados acima.<\/p>\n","protected":false},"excerpt":{"rendered":"<p>Ideal para todos os tipos de defumadores, Smokers ou churrasqueiras pequenas, fechadas e com tampa.<\/p>\n","protected":false},"featured_media":60,"comment_status":"open","ping_status":"closed","template":"","meta":[],"product_brand":[],"product_cat":[17],"product_tag":[],"class_list":{"0":"post-50","1":"product","2":"type-product","3":"status-publish","4":"has-post-thumbnail","6":"product_cat-exclusive-xpress-meat-market","8":"first","9":"instock","10":"shipping-taxable","11":"purchasable","12":"product-type-simple"},"_links":{"self":[{"href":"https:\/\/xpressmeatmarket.com\/onlinemarket\/wp-json\/wp\/v2\/product\/50","targetHints":{"allow":["GET"]}}],"collection":[{"href":"https:\/\/xpressmeatmarket.com\/onlinemarket\/wp-json\/wp\/v2\/product"}],"about":[{"href":"https:\/\/xpressmeatmarket.com\/onlinemarket\/wp-json\/wp\/v2\/types\/product"}],"replies":[{"embeddable":true,"href":"https:\/\/xpressmeatmarket.com\/onlinemarket\/wp-json\/wp\/v2\/comments?post=50"}],"wp:featuredmedia":[{"embeddable":true,"href":"https:\/\/xpressmeatmarket.com\/onlinemarket\/wp-json\/wp\/v2\/media\/60"}],"wp:attachment":[{"href":"https:\/\/xpressmeatmarket.com\/onlinemarket\/wp-json\/wp\/v2\/media?parent=50"}],"wp:term":[{"taxonomy":"product_brand","embeddable":true,"href":"https:\/\/xpressmeatmarket.com\/onlinemarket\/wp-json\/wp\/v2\/product_brand?post=50"},{"taxonomy":"product_cat","embeddable":true,"href":"https:\/\/xpressmeatmarket.com\/onlinemarket\/wp-json\/wp\/v2\/product_cat?post=50"},{"taxonomy":"product_tag","embeddable":true,"href":"https:\/\/xpressmeatmarket.com\/onlinemarket\/wp-json\/wp\/v2\/product_tag?post=50"}],"curies":[{"name":"wp","href":"https:\/\/api.w.org\/{rel}","templated":true}]}}