{"id":56,"date":"2021-10-27T16:40:26","date_gmt":"2021-10-27T16:40:26","guid":{"rendered":"https:\/\/xpressmeatmarket.com\/onlinemarket\/?post_type=product&#038;p=56"},"modified":"2025-09-16T16:05:13","modified_gmt":"2025-09-16T16:05:13","slug":"feijoada-kit","status":"publish","type":"product","link":"https:\/\/xpressmeatmarket.com\/onlinemarket\/product\/feijoada-kit\/","title":{"rendered":"kit de Feijoada Xpress"},"content":{"rendered":"<div class=\"xjkvuk6\">\n<div class=\"xdj266r x11i5rnm xat24cr x1mh8g0r x1vvkbs\">\n<div dir=\"auto\">Os preparatios para uma autentica feijoada brasileira come\u00e7a com o Kit de Feijoada Xpress. <span class=\"Y2IQFc\" lang=\"pt\">Com o Kit Feijoada fica muito mais f\u00e1cil preparar o prato mais tradicional do Brasil. No pacote voc\u00ea tem uma sele\u00e7\u00e3o das melhores carnes su\u00ednas!<\/span><\/div>\n<p>BACON<\/p>\n<p>CALABRESA<\/p>\n<p>CARNE SECA<\/p>\n<p>PAIO<\/p>\n<p>COSTELINHA DE PORCO DEFUMADA<\/p>\n<p>O kit de feijoada Xpress \u00e9 uma \u00f3tima op\u00e7\u00e3o para quem quer fazer sua feijoada em casa de maneira pr\u00e1tica e com sabor \u00fanico.<\/p>\n<\/div>\n<div class=\"xdj266r x11i5rnm xat24cr x1mh8g0r x1vvkbs\">\n<div dir=\"auto\"><\/div>\n<\/div>\n<\/div>\n<div class=\"x1gslohp\">\n<div class=\"x1i10hfl xjbqb8w x6umtig x1b1mbwd xaqea5y xav7gou x9f619 x1ypdohk xt0psk2 xe8uvvx xdj266r x11i5rnm xat24cr x1mh8g0r xexx8yu x4uap5 x18d9i69 xkhd6sd x16tdsg8 x1hl2dhg xggy1nq x1a2a7pz xt0b8zv xzsf02u x1s688f\" tabindex=\"0\" role=\"button\"><\/div>\n<\/div>\n","protected":false},"excerpt":{"rendered":"<h5><span class=\"Y2IQFc\" lang=\"pt\">Com o Kit Feijoada Xpress fica muito mais f\u00e1cil preparar o prato mais tradicional do Brasil.<\/span><\/h5>\n","protected":false},"featured_media":63,"comment_status":"open","ping_status":"closed","template":"","meta":[],"product_brand":[],"product_cat":[17],"product_tag":[],"class_list":{"0":"post-56","1":"product","2":"type-product","3":"status-publish","4":"has-post-thumbnail","6":"product_cat-exclusive-xpress-meat-market","8":"first","9":"instock","10":"shipping-taxable","11":"purchasable","12":"product-type-simple"},"_links":{"self":[{"href":"https:\/\/xpressmeatmarket.com\/onlinemarket\/wp-json\/wp\/v2\/product\/56","targetHints":{"allow":["GET"]}}],"collection":[{"href":"https:\/\/xpressmeatmarket.com\/onlinemarket\/wp-json\/wp\/v2\/product"}],"about":[{"href":"https:\/\/xpressmeatmarket.com\/onlinemarket\/wp-json\/wp\/v2\/types\/product"}],"replies":[{"embeddable":true,"href":"https:\/\/xpressmeatmarket.com\/onlinemarket\/wp-json\/wp\/v2\/comments?post=56"}],"wp:featuredmedia":[{"embeddable":true,"href":"https:\/\/xpressmeatmarket.com\/onlinemarket\/wp-json\/wp\/v2\/media\/63"}],"wp:attachment":[{"href":"https:\/\/xpressmeatmarket.com\/onlinemarket\/wp-json\/wp\/v2\/media?parent=56"}],"wp:term":[{"taxonomy":"product_brand","embeddable":true,"href":"https:\/\/xpressmeatmarket.com\/onlinemarket\/wp-json\/wp\/v2\/product_brand?post=56"},{"taxonomy":"product_cat","embeddable":true,"href":"https:\/\/xpressmeatmarket.com\/onlinemarket\/wp-json\/wp\/v2\/product_cat?post=56"},{"taxonomy":"product_tag","embeddable":true,"href":"https:\/\/xpressmeatmarket.com\/onlinemarket\/wp-json\/wp\/v2\/product_tag?post=56"}],"curies":[{"name":"wp","href":"https:\/\/api.w.org\/{rel}","templated":true}]}}